{"id":13488,"date":"2023-01-24T14:37:46","date_gmt":"2023-01-24T13:37:46","guid":{"rendered":"https:\/\/sicc-srl.com\/cookie-policy\/"},"modified":"2024-05-29T11:18:28","modified_gmt":"2024-05-29T09:18:28","slug":"cookie-policy","status":"publish","type":"page","link":"https:\/\/sicc-srl.com\/fr\/cookie-policy\/","title":{"rendered":"INFORMATION SUR LES COOKIES"},"content":{"rendered":"\n<h2 class=\"wp-block-heading\"><\/h2>\n\n\n\n<p><strong>Que sont les cookies&nbsp;?<\/strong><\/p>\n\n\n\n<p>Les cookies sont de petites cha\u00eenes de texte qui sont stock\u00e9es sur votre ordinateur lorsque vous visitez certaines pages sur Internet. Les cookies peuvent remplir diverses fonctions, telles que vous permettre de naviguer efficacement entre les pages, m\u00e9moriser vos pr\u00e9f\u00e9rences et, d\u2019une mani\u00e8re g\u00e9n\u00e9rale, am\u00e9liorer la visite de l\u2019utilisateur sur le site.<\/p>\n\n\n\n<p>Certains cookies sont utilis\u00e9s pour proc\u00e9der aux authentifications informatiques, au suivi des sessions et \u00e0 l\u2019enregistrement d\u2019informations sp\u00e9cifiques concernant les utilisateurs qui acc\u00e8dent \u00e0 une page web. Ces cookies, dits techniques, sont souvent utiles, car ils peuvent rendre la navigation et l\u2019utilisation du site internet plus rapides, par exemple en facilitant certaines proc\u00e9dures lorsque vous faites des achats en ligne, lorsque vous vous authentifiez pour acc\u00e9der \u00e0 des zones \u00e0 acc\u00e8s r\u00e9serv\u00e9 ou lorsqu\u2019un site internet reconna\u00eet automatiquement la langue que vous utilisez habituellement.<\/p>\n\n\n\n<p>Un type particulier de cookies, connus sous le nom de cookies d\u2019analyse ou de suivi, est utilis\u00e9 par les gestionnaires des sites web pour collecter des informations, sous forme agr\u00e9g\u00e9e, sur le nombre d\u2019utilisateurs et la mani\u00e8re dont ils visitent le site m\u00eame, et pour \u00e9tablir ainsi des statistiques g\u00e9n\u00e9rales sur le service et son utilisation.<\/p>\n\n\n\n<p>D\u2019autres cookies peuvent au contraire \u00eatre utilis\u00e9s pour suivre et profiler les utilisateurs pendant leur navigation, \u00e9tudier leurs mouvements et leurs habitudes de navigation ou de consommation sur le web, y compris dans le but d\u2019envoyer des publicit\u00e9s pour des services cibl\u00e9s et personnalis\u00e9s. On parle dans ce cas de cookies de profilage ou de marketing.<\/p>\n\n\n\n<p>Il peut \u00e9galement arriver qu\u2019une page web contienne des cookies provenant d\u2019autres sites et contenus dans divers \u00e9l\u00e9ments h\u00e9berg\u00e9s sur la page elle-m\u00eame, tels que des banni\u00e8res publicitaires, des images, des vid\u00e9os, etc. Il s\u2019agit dans ce cas de ce que l\u2019on appelle des cookies de tiers, qui sont g\u00e9n\u00e9ralement utilis\u00e9s \u00e0 des fins de profilage. Ainsi, les cookies que vous t\u00e9l\u00e9chargez sur votre PC, votre smartphone ou votre tablette peuvent \u00e9galement \u00eatre lus par des parties autres que celles qui g\u00e8rent les pages web que vous visitez.<\/p>\n\n\n\n<p>Si vous voulez en savoir plus, visitez les sites internet suivants&nbsp;:<\/p>\n\n\n\n<p><a href=\"http:\/\/www.allaboutcookies.org\" target=\"_blank\" rel=\"noopener\">www.allaboutcookies.org<\/a>&nbsp;<\/p>\n\n\n\n<p><a href=\"http:\/\/www.youronlinechoices.eu\" target=\"_blank\" rel=\"noopener\">www.youronlinechoices.eu<\/a>&nbsp;<\/p>\n\n\n\n<p><a href=\"http:\/\/www.garanteprivacy.it\/cookie\" target=\"_blank\" rel=\"noopener\">www.garanteprivacy.it\/cookie<\/a><\/p>\n\n\n\n<p><strong>Comment puis-je d\u00e9sactiver les cookies&nbsp;?<\/strong><\/p>\n\n\n\n<p>La plupart des navigateurs acceptent automatiquement les cookies, mais vous pouvez emp\u00eacher votre navigateur de les accepter en modifiant ses param\u00e8tres de s\u00e9curit\u00e9 (Microsoft Edge, Google Chrome, Mozilla Firefox, Safari, etc.).&nbsp;<\/p>\n\n\n\n<p>Microsoft Edge<\/p>\n\n\n\n<p>Cliquez sur l\u2019ic\u00f4ne \u00e0 trois points plac\u00e9e horizontalement dans le coin sup\u00e9rieur droit et s\u00e9lectionnez \u00ab&nbsp;Param\u00e8tres&nbsp;\u00bb. S\u00e9lectionnez le menu \u00ab&nbsp;Vie priv\u00e9e, recherche et services&nbsp;\u00bb puis \u00ab&nbsp;Cookies et autorisations du site&nbsp;\u00bb. Vous pouvez modifier ici vos param\u00e8tres en mati\u00e8re de cookies.<\/p>\n\n\n\n<p>Google Chrome<\/p>\n\n\n\n<p>Cliquez sur l\u2019ic\u00f4ne des trois points plac\u00e9s verticalement dans le coin sup\u00e9rieur droit puis s\u00e9lectionnez \u00ab&nbsp;Confidentialit\u00e9 et s\u00e9curit\u00e9&nbsp;\u00bb. Vous pouvez modifier ici vos param\u00e8tres en mati\u00e8re de cookies.<\/p>\n\n\n\n<p>Mozilla Firefox<\/p>\n\n\n\n<p>Dans le menu d\u00e9roulant (trois barres horizontales qui se chevauchent) situ\u00e9 dans le coin sup\u00e9rieur droit, s\u00e9lectionnez \u00ab&nbsp;Param\u00e8tres&nbsp;\u00bb puis \u00ab&nbsp;Confidentialit\u00e9 et s\u00e9curit\u00e9&nbsp;\u00bb. Vous pouvez modifier ici vos param\u00e8tres en mati\u00e8re de cookies.<\/p>\n\n\n\n<p>Safari<\/p>\n\n\n\n<p>Dans le menu des param\u00e8tres, choisissez \u00ab&nbsp;Pr\u00e9f\u00e9rences&nbsp;\u00bb, puis cliquez sur \u00ab&nbsp;Confidentialit\u00e9&nbsp;\u00bb. Vous pouvez modifier ici vos param\u00e8tres en mati\u00e8re de cookies.<\/p>\n\n\n\n<p><strong>Cookies utilis\u00e9s par le site www.sicc-srl.com<\/strong><\/p>\n\n\n\n<p>Les pr\u00e9sentes informations sont r\u00e9dig\u00e9es conform\u00e9ment aux obligations pr\u00e9vues par l\u2019art.&nbsp;13 RGPD 2016\/679, ainsi qu\u2019aux dispositions de la Directive 2002\/58\/CE, telle que mise \u00e0 jour par la Directive 2009\/136\/CE, en mati\u00e8re de cookies, et concernent exclusivement ce site internet.<\/p>\n\n\n\n<p><strong>Cookies techniques, y compris les cookies de session (indispensables au fonctionnement du site)&nbsp;:<\/strong>.<\/p>\n\n\n\n<p>Les cookies techniques utilis\u00e9s par ce site internet sont strictement n\u00e9cessaires au fonctionnement du site lui-m\u00eame, \u00e0 la fourniture des services connexes et \u00e0 la navigation et \u00e0 l\u2019utilisation fluides du site de la part de l\u2019utilisateur.<\/p>\n\n\n\n<figure class=\"wp-block-table\"><table><tbody><tr><td><strong>Nome<\/strong><\/td><td><strong>Provider<\/strong><\/td><td><strong>Scopo<\/strong><\/td><td><strong>Scadenza<\/strong><\/td><td><strong>Tipo<\/strong><\/td><\/tr><tr><td><br>__wpdm_client<br><br>wp-wpml_current_language<\/td><td><br><\/td><td><br><\/td><td><br><\/td><td><br><\/td><\/tr><\/tbody><\/table><\/figure>\n\n\n\n<p><strong>Cookie d\u2019analyse ou de suivi<\/strong><\/p>\n\n\n\n<p>Ces cookies ont pour but de collecter des informations bas\u00e9es sur les interactions des utilisateurs lorsqu\u2019ils naviguent sur le site internet, afin de mesurer les donn\u00e9es et de g\u00e9n\u00e9rer des statistiques sur l\u2019utilisation du site internet lui-m\u00eame, utiles \u00e0 des fins de reporting pour le Responsable du Traitement des donn\u00e9es. Ces cookies sont assimil\u00e9s \u00e0 des cookies techniques dans la mesure o\u00f9 ils ne permettent pas l\u2019identification et le profilage de l\u2019utilisateur.<\/p>\n\n\n\n<p>Les cookies de suivi peuvent en tout \u00e9tat de cause \u00eatre d\u00e9sactiv\u00e9s sans aucune cons\u00e9quence sur la navigation sur le site.<\/p>\n\n\n\n<p>SICC&nbsp;SRLU utilise le service Google Analytics de la soci\u00e9t\u00e9 Google,&nbsp;Inc. (ci-apr\u00e8s \u00ab&nbsp;Google&nbsp;\u00bb) pour la g\u00e9n\u00e9ration de statistiques sur l\u2019utilisation du portail web&nbsp;; Google Analytics utilise des cookies (non tiers) qui ne stockent pas de donn\u00e9es personnelles. Les informations g\u00e9n\u00e9r\u00e9es par les cookies concernant votre utilisation du site internet (y compris les adresses IP) seront transmises par votre navigateur \u00e0 un serveur de Google situ\u00e9 \u00e0 1600&nbsp;Amphitheatre Parkway, Mountain View, CA&nbsp;94043, USA, et y seront stock\u00e9es.<\/p>\n\n\n\n<p>Conform\u00e9ment aux conditions de service en vigueur<em>(le lien est le suivant\u00a0: <a href=\"https:\/\/marketingplatform.google.com\/about\/analytics\/terms\/fr\/\" target=\"_blank\" rel=\"noopener\">https:\/\/marketingplatform.google.com\/about\/analytics\/terms\/fr\/<\/a>)\u00a0<\/em>, Google utilisera ces informations, en tant que responsable autonome du traitement, dans le but de suivre et d\u2019\u00e9valuer votre utilisation du site, de compiler des rapports sur les activit\u00e9s du site \u00e0 destination des op\u00e9rateurs de celui-ci et de fournir d\u2019autres services relatifs \u00e0 l\u2019activit\u00e9 du site, aux modes de connexion (portable, PC, navigateur utilis\u00e9, etc.) et aux modes de recherche et d\u2019acc\u00e8s aux pages du portail. Google peut \u00e9galement transf\u00e9rer ces informations \u00e0 des tiers si la loi l\u2019exige ou si ces tiers traitent les informations pour le compte de Google. Google n\u2019associera pas les adresses IP \u00e0 aucune autre donn\u00e9e d\u00e9tenue par Google.<\/p>\n\n\n\n<p>Pour consulter les r\u00e8gles de confidentialit\u00e9 de Google pour le service Google Analytics, veuillez visiter le site suivant<\/p>\n\n\n\n<p><a href=\"http:\/\/www.google.com\/intl\/en\/analytics\/privacyoverview.html\" target=\"_blank\" rel=\"noopener\">http:\/\/www.google.com\/intl\/en\/analytics\/privacyoverview.html<\/a>.<\/p>\n\n\n\n<p>Pour en savoir plus sur la politique de confidentialit\u00e9 de Google, veuillez consulter le site internet<\/p>\n\n\n\n<p><a href=\"https:\/\/policies.google.com\/privacy?hl=fr.\" target=\"_blank\" rel=\"noopener\">https:\/\/policies.google.com\/privacy?hl=fr.<\/a><\/p>\n\n\n\n<figure class=\"wp-block-table\"><table><tbody><tr><td><strong>Nom<\/strong><\/td><td><strong><br><strong>Fournisseur<\/strong><\/strong><\/td><td><strong><br><strong>Objectif<\/strong><\/strong><\/td><td><strong><br><strong>Expiration<\/strong><\/strong><\/td><td><strong><br><strong>Type<\/strong><\/strong><\/td><\/tr><tr><td><br>_ga<\/td><td><br>Google Analytics<\/td><td><br>statistica<\/td><td><br>2 anni<\/td><td><br><strong>Cookie Statistici<\/strong><\/td><\/tr><\/tbody><\/table><\/figure>\n\n\n\n<p><\/p>\n\n\n\n<p><strong>Cookies de marketing\/profilage, contenus int\u00e9gr\u00e9s et plugins sociaux<\/strong><\/p>\n\n\n\n<p>Les cookies de marketing sont utilis\u00e9s pour suivre les visiteurs des sites internet. L\u2019objectif est d\u2019afficher des publicit\u00e9s pertinentes et attrayantes pour l\u2019utilisateur individuel et donc celles qui ont le plus de valeur pour les \u00e9diteurs et les annonceurs tiers. Il s\u2019agit g\u00e9n\u00e9ralement de cookies de tiers. Ces cookies peuvent \u00eatre d\u00e9sactiv\u00e9s, mais certains services du site risquent de ne pas \u00eatre utilisables.<\/p>\n\n\n\n<p>Ce site utilise \u00e9galement des plugins sociaux pour le partage et l\u2019int\u00e9gration de contenus int\u00e9gr\u00e9s provenant de YouTube et, en g\u00e9n\u00e9ral, selon les besoins, de contenus int\u00e9gr\u00e9s provenant d\u2019autres plateformes.<\/p>\n\n\n\n<p>Vous trouverez ci-dessous des liens utiles vers les politiques en mati\u00e8re de cookies des tiers mentionn\u00e9s&nbsp;:<\/p>\n\n\n\n<p>Youtube <a href=\"https:\/\/policies.google.com\/privacy?hl=fr&amp;gl=fr\" target=\"_blank\" rel=\"noopener\">https:\/\/policies.google.com\/privacy?hl=fr&amp;gl=fr<\/a><\/p>\n\n\n\n<figure class=\"wp-block-table\"><table><tbody><tr><td><strong>Nom<\/strong><\/td><td><strong><br><strong>Fournisseur<\/strong><\/strong><\/td><td><strong><br><strong>Objectif<\/strong><\/strong><\/td><td><strong><br><strong>Expiration<\/strong><\/strong><\/td><td><strong><br><strong>Type<\/strong><\/strong><\/td><\/tr><tr><td>Youtube<br><\/td><td>YouTube<br><\/td><td><br><\/td><td><br><\/td><td><br><\/td><\/tr><\/tbody><\/table><\/figure>\n\n\n\n<p><strong>Dur\u00e9e des cookies<\/strong><\/p>\n\n\n\n<p>Les cookies utilis\u00e9s par le site www.sicc-srl.com expirent selon les dates d\u2019\u00e9ch\u00e9ance report\u00e9es dans les tableaux ci-dessus.<\/p>\n\n\n\n<p><strong>Politique de confidentialit\u00e9 du site www.sicc-srl.com<\/strong><\/p>\n\n\n\n<p>Pour plus de d\u00e9tails et prendre connaissance de la politique de confidentialit\u00e9 compl\u00e8te du site www.sicc-srl.comclicca, cliquez ici.&nbsp;<\/p>\n\n\n\n<p><strong>Droit de r\u00e9tractation<\/strong><\/p>\n\n\n\n<p>Pour modifier vos pr\u00e9f\u00e9rences concernant les cookies install\u00e9s par le site www.sicc-srl.com, cliquez ici.&nbsp;<\/p>\n\n\n\n<p><strong>Pour plus d\u2019informations, veuillez contacter le Responsable du Traitement&nbsp;:<\/strong><\/p>\n\n\n\n<p><strong>SICC SRLU&nbsp;<\/strong><\/p>\n\n\n\n<p>Via G. Galilei, 34 \u2013 I-35015 Galliera Veneta (Padoue) \u2013 Italie<\/p>\n\n\n\n<p>T&nbsp;: +39 049 5965097 &#8211; F&nbsp;: +39 049 9440019<\/p>\n\n\n\n<p>courriel&nbsp;: info@sicc-srl.com<\/p>\n\n\n\n<p>Derni\u00e8re modification&nbsp;: 21\/06\/2021<\/p>\n","protected":false},"excerpt":{"rendered":"<p>Que sont les cookies&nbsp;? Les cookies sont de petites cha\u00eenes de texte qui sont stock\u00e9es sur votre ordinateur lorsque vous<\/p>\n","protected":false},"author":1,"featured_media":0,"parent":0,"menu_order":0,"comment_status":"closed","ping_status":"closed","template":"","meta":{"footnotes":""},"class_list":["post-13488","page","type-page","status-publish","hentry"],"_links":{"self":[{"href":"https:\/\/sicc-srl.com\/fr\/wp-json\/wp\/v2\/pages\/13488","targetHints":{"allow":["GET"]}}],"collection":[{"href":"https:\/\/sicc-srl.com\/fr\/wp-json\/wp\/v2\/pages"}],"about":[{"href":"https:\/\/sicc-srl.com\/fr\/wp-json\/wp\/v2\/types\/page"}],"author":[{"embeddable":true,"href":"https:\/\/sicc-srl.com\/fr\/wp-json\/wp\/v2\/users\/1"}],"replies":[{"embeddable":true,"href":"https:\/\/sicc-srl.com\/fr\/wp-json\/wp\/v2\/comments?post=13488"}],"version-history":[{"count":1,"href":"https:\/\/sicc-srl.com\/fr\/wp-json\/wp\/v2\/pages\/13488\/revisions"}],"predecessor-version":[{"id":13490,"href":"https:\/\/sicc-srl.com\/fr\/wp-json\/wp\/v2\/pages\/13488\/revisions\/13490"}],"wp:attachment":[{"href":"https:\/\/sicc-srl.com\/fr\/wp-json\/wp\/v2\/media?parent=13488"}],"curies":[{"name":"wp","href":"https:\/\/api.w.org\/{rel}","templated":true}]}}