{"id":13404,"date":"2022-05-12T17:35:52","date_gmt":"2022-05-12T15:35:52","guid":{"rendered":"https:\/\/sicc-srl.com\/certifications-europeennes\/"},"modified":"2024-05-27T18:05:08","modified_gmt":"2024-05-27T16:05:08","slug":"certifications-europeennes","status":"publish","type":"page","link":"https:\/\/sicc-srl.com\/fr\/certifications-europeennes\/","title":{"rendered":"Certifications europ\u00e9ennes"},"content":{"rendered":"\t\t<div data-elementor-type=\"wp-page\" data-elementor-id=\"13404\" class=\"elementor elementor-13404 elementor-8572\">\n\t\t\t\t\t\t<section class=\"wd-negative-gap elementor-section elementor-top-section elementor-element elementor-element-11c4a71e elementor-section-boxed elementor-section-height-default elementor-section-height-default\" data-id=\"11c4a71e\" data-element_type=\"section\" data-e-type=\"section\">\n\t\t\t\t\t\t<div class=\"elementor-container elementor-column-gap-extended\">\n\t\t\t\t\t<div class=\"elementor-column elementor-col-100 elementor-top-column elementor-element elementor-element-644ff5c6\" data-id=\"644ff5c6\" data-element_type=\"column\" data-e-type=\"column\">\n\t\t\t<div class=\"elementor-widget-wrap elementor-element-populated\">\n\t\t\t\t\t\t<div class=\"elementor-element elementor-element-965b20d wd-width-100 elementor-widget elementor-widget-wd_title\" data-id=\"965b20d\" data-element_type=\"widget\" data-e-type=\"widget\" data-widget_type=\"wd_title.default\">\n\t\t\t\t<div class=\"elementor-widget-container\">\n\t\t\t\t\t\t\t<div class=\"title-wrapper wd-set-mb reset-last-child wd-title-color-primary wd-title-style-default wd-title-size-large text-center\">\n\n\t\t\t\t\t\t\t\t\t\t\t<div class=\"title-subtitle subtitle-color-primary subtitle-style-default wd-fontsize-xs\">\n\t\t\t\t\tGARANTIE ET QUALIT\u00c9\t\t\t\t<\/div>\n\t\t\t\n\t\t\t<div class=\"liner-continer\">\n\t\t\t\t<h4 class=\"woodmart-title-container title wd-fontsize-xxl\">Certifications Europ\u00e9ennes<\/h4> \n\t\t\t\t\t\t\t<\/div>\n\n\t\t\t\t\t<\/div>\n\t\t\t\t\t\t<\/div>\n\t\t\t\t<\/div>\n\t\t\t\t\t<\/div>\n\t\t<\/div>\n\t\t\t\t\t<\/div>\n\t\t<\/section>\n\t\t\t\t<section class=\"wd-negative-gap elementor-section elementor-top-section elementor-element elementor-element-5ee14f4d elementor-section-boxed elementor-section-height-default elementor-section-height-default\" data-id=\"5ee14f4d\" data-element_type=\"section\" data-e-type=\"section\" data-settings=\"{&quot;background_background&quot;:&quot;classic&quot;}\">\n\t\t\t\t\t\t<div class=\"elementor-container elementor-column-gap-default\">\n\t\t\t\t\t<div class=\"elementor-column elementor-col-100 elementor-top-column elementor-element elementor-element-4dd952a7\" data-id=\"4dd952a7\" data-element_type=\"column\" data-e-type=\"column\">\n\t\t\t<div class=\"elementor-widget-wrap elementor-element-populated\">\n\t\t\t\t\t\t<section class=\"wd-negative-gap elementor-section elementor-inner-section elementor-element elementor-element-19f97d10 elementor-section-boxed elementor-section-height-default elementor-section-height-default\" data-id=\"19f97d10\" data-element_type=\"section\" data-e-type=\"section\">\n\t\t\t\t\t\t<div class=\"elementor-container elementor-column-gap-default\">\n\t\t\t\t\t<div class=\"elementor-column elementor-col-50 elementor-inner-column elementor-element elementor-element-70cb8ed5\" data-id=\"70cb8ed5\" data-element_type=\"column\" data-e-type=\"column\">\n\t\t\t<div class=\"elementor-widget-wrap elementor-element-populated\">\n\t\t\t\t\t\t<div class=\"elementor-element elementor-element-a917f7c elementor-widget elementor-widget-wd_image_or_svg\" data-id=\"a917f7c\" data-element_type=\"widget\" data-e-type=\"widget\" data-widget_type=\"wd_image_or_svg.default\">\n\t\t\t\t<div class=\"elementor-widget-container\">\n\t\t\t\t\t\n\t\t<div class=\"wd-image text-left\">\n\t\t\t\t\t\t\t\t<img loading=\"lazy\" decoding=\"async\" width=\"725\" height=\"622\" src=\"https:\/\/sicc-srl.com\/wp-content\/uploads\/2023\/05\/certificazione-europea-sicc-4.jpg\" class=\"attachment-full size-full\" alt=\"portoni con certificazione europea\" srcset=\"https:\/\/sicc-srl.com\/wp-content\/uploads\/2023\/05\/certificazione-europea-sicc-4.jpg 725w, https:\/\/sicc-srl.com\/wp-content\/uploads\/2023\/05\/certificazione-europea-sicc-4-350x300.jpg 350w, https:\/\/sicc-srl.com\/wp-content\/uploads\/2023\/05\/certificazione-europea-sicc-4-430x369.jpg 430w, https:\/\/sicc-srl.com\/wp-content\/uploads\/2023\/05\/certificazione-europea-sicc-4-700x601.jpg 700w, https:\/\/sicc-srl.com\/wp-content\/uploads\/2023\/05\/certificazione-europea-sicc-4-150x129.jpg 150w\" sizes=\"auto, (max-width: 725px) 100vw, 725px\" title=\"\">\t\t\t\t\t<\/div>\n\n\t\t\t\t\t\t<\/div>\n\t\t\t\t<\/div>\n\t\t\t\t\t<\/div>\n\t\t<\/div>\n\t\t\t\t<div class=\"elementor-column elementor-col-50 elementor-inner-column elementor-element elementor-element-e87f91e\" data-id=\"e87f91e\" data-element_type=\"column\" data-e-type=\"column\">\n\t\t\t<div class=\"elementor-widget-wrap elementor-element-populated\">\n\t\t\t\t\t\t<section class=\"wd-negative-gap elementor-section elementor-inner-section elementor-element elementor-element-e7a37ef elementor-section-boxed elementor-section-height-default elementor-section-height-default\" data-id=\"e7a37ef\" data-element_type=\"section\" data-e-type=\"section\">\n\t\t\t\t\t\t<div class=\"elementor-container elementor-column-gap-default\">\n\t\t\t\t\t<div class=\"elementor-column elementor-col-100 elementor-inner-column elementor-element elementor-element-22ec231\" data-id=\"22ec231\" data-element_type=\"column\" data-e-type=\"column\">\n\t\t\t<div class=\"elementor-widget-wrap elementor-element-populated\">\n\t\t\t\t\t\t<div class=\"elementor-element elementor-element-fd65ac7 elementor-widget elementor-widget-wd_text_block\" data-id=\"fd65ac7\" data-element_type=\"widget\" data-e-type=\"widget\" data-widget_type=\"wd_text_block.default\">\n\t\t\t\t<div class=\"elementor-widget-container\">\n\t\t\t\t\t\t\t<div class=\"wd-text-block reset-last-child text-left\">\n\t\t\t\n\t\t\t<h6>QUALIT\u00c9, S\u00c9CURIT\u00c9 ET EFFICACIT\u00c9 \u00c9NERG\u00c9TIQUE<\/h6><p>Tous nos produits portent le <strong>marquage CE<\/strong> et les mat\u00e9riaux utilis\u00e9s sont conformes aux normes europ\u00e9ennes.<br>Comme le d\u00e9montrent les r\u00e9centes certifications, l\u2019utilisation d\u2019une toute nouvelle structure de panneaux permet en outre une r\u00e9duction thermique significative et des <strong>\u00e9conomies d\u2019\u00e9nergie<\/strong> cons\u00e9quentes.<\/p>\n\t\t\t\t\t<\/div>\n\t\t\t\t\t\t<\/div>\n\t\t\t\t<\/div>\n\t\t\t\t<div class=\"elementor-element elementor-element-0b6b99a elementor-widget elementor-widget-wd_text_block\" data-id=\"0b6b99a\" data-element_type=\"widget\" data-e-type=\"widget\" data-widget_type=\"wd_text_block.default\">\n\t\t\t\t<div class=\"elementor-widget-container\">\n\t\t\t\t\t\t\t<div class=\"wd-text-block reset-last-child text-left\">\n\t\t\t\n\t\t\t<p>Nous garantissons la s\u00e9curit\u00e9 et la fiabilit\u00e9 de nos portes industrielles, con\u00e7ues par notre personnel qualifi\u00e9 et toujours soumises \u00e0 des tests de qualit\u00e9.<\/p>\n\t\t\t\t\t<\/div>\n\t\t\t\t\t\t<\/div>\n\t\t\t\t<\/div>\n\t\t\t\t\t<\/div>\n\t\t<\/div>\n\t\t\t\t\t<\/div>\n\t\t<\/section>\n\t\t\t\t\t<\/div>\n\t\t<\/div>\n\t\t\t\t\t<\/div>\n\t\t<\/section>\n\t\t\t\t\t<\/div>\n\t\t<\/div>\n\t\t\t\t\t<\/div>\n\t\t<\/section>\n\t\t\t\t<\/div>\n\t\t","protected":false},"excerpt":{"rendered":"<p>GARANTIE ET QUALIT\u00c9 Certifications Europ\u00e9ennes QUALIT\u00c9, S\u00c9CURIT\u00c9 ET EFFICACIT\u00c9 \u00c9NERG\u00c9TIQUE Tous nos produits portent le marquage CE et les mat\u00e9riaux<\/p>\n","protected":false},"author":1,"featured_media":0,"parent":0,"menu_order":0,"comment_status":"closed","ping_status":"closed","template":"","meta":{"footnotes":""},"class_list":["post-13404","page","type-page","status-publish","hentry"],"_links":{"self":[{"href":"https:\/\/sicc-srl.com\/fr\/wp-json\/wp\/v2\/pages\/13404","targetHints":{"allow":["GET"]}}],"collection":[{"href":"https:\/\/sicc-srl.com\/fr\/wp-json\/wp\/v2\/pages"}],"about":[{"href":"https:\/\/sicc-srl.com\/fr\/wp-json\/wp\/v2\/types\/page"}],"author":[{"embeddable":true,"href":"https:\/\/sicc-srl.com\/fr\/wp-json\/wp\/v2\/users\/1"}],"replies":[{"embeddable":true,"href":"https:\/\/sicc-srl.com\/fr\/wp-json\/wp\/v2\/comments?post=13404"}],"version-history":[{"count":1,"href":"https:\/\/sicc-srl.com\/fr\/wp-json\/wp\/v2\/pages\/13404\/revisions"}],"predecessor-version":[{"id":13405,"href":"https:\/\/sicc-srl.com\/fr\/wp-json\/wp\/v2\/pages\/13404\/revisions\/13405"}],"wp:attachment":[{"href":"https:\/\/sicc-srl.com\/fr\/wp-json\/wp\/v2\/media?parent=13404"}],"curies":[{"name":"wp","href":"https:\/\/api.w.org\/{rel}","templated":true}]}}