{"id":13224,"date":"2023-01-24T14:37:46","date_gmt":"2023-01-24T13:37:46","guid":{"rendered":"https:\/\/sicc-srl.com\/cookie-policy\/"},"modified":"2024-05-24T16:57:34","modified_gmt":"2024-05-24T14:57:34","slug":"cookie-policy","status":"publish","type":"page","link":"https:\/\/sicc-srl.com\/es\/cookie-policy\/","title":{"rendered":"NOTA INFORMATIVA SOBRE COOKIES"},"content":{"rendered":"\n<h2 class=\"wp-block-heading\"><\/h2>\n\n\n\n<p><strong><strong>\u00bfQu\u00e9 son las cookies?<\/strong><\/strong><\/p>\n\n\n\n<p>Las cookies son cadenas de texto de peque\u00f1o tama\u00f1o que se guardan en su equipo cuando visita determinadas p\u00e1ginas en internet. Las cookies tienen diferentes funciones, por ejemplo: le permiten navegar entre diversas p\u00e1ginas de forma eficiente, recordando sus preferencias y, en general, mejoran la experiencia del usuario mientras permanece en el sitio web.<\/p>\n\n\n\n<p>Algunas cookies se utilizan para realizar autenticaciones inform\u00e1ticas, supervisar sesiones y almacenar informaci\u00f3n espec\u00edfica sobre los usuarios que acceden a una p\u00e1gina web. Estas cookies, denominadas \u00abt\u00e9cnicas\u00bb, suelen ser \u00fatiles porque simplifican y agilizan la navegaci\u00f3n y el uso de la web, como ocurre con las que facilitan algunos procedimientos cuando hace compras en l\u00ednea, cuando se autentica para entrar en zonas de acceso reservado o cuando un sitio web reconoce autom\u00e1ticamente el idioma que suele utilizar.<\/p>\n\n\n\n<p>Hay un tipo especial de cookies, llamadas anal\u00edticas o de supervisi\u00f3n, que los administradores de los sitios web utilizan para recoger informaci\u00f3n, de forma agregada, sobre el n\u00famero de usuarios y sobre su forma de visitar el sitio, a fin de elaborar estad\u00edsticas generales sobre el servicio y su utilizaci\u00f3n.<\/p>\n\n\n\n<p>Otras cookies se utilizan para supervisar y elaborar perfiles de los usuarios durante la navegaci\u00f3n, estudiar sus movimientos y h\u00e1bitos de consulta de la web o de consumo, con el objetivo, entre otros, de enviar publicidad de servicios relevantes y personalizados. En este caso, se habla de cookies de marketing o de elaboraci\u00f3n de perfiles.<\/p>\n\n\n\n<p>Puede ocurrir que una p\u00e1gina web contenga cookies provenientes de otros sitios, contenidas en varios elementos alojados en la propia p\u00e1gina, como, por ejemplo, banners publicitarios, im\u00e1genes, v\u00eddeos, etc. En este caso, se habla de cookies de terceros, que normalmente se utilizan para elaborar perfiles. Esas cookies descargadas en su PC, smartphone o tableta pueden ser vistas por otras entidades distintas de la que administra las p\u00e1ginas web que visita.<\/p>\n\n\n\n<p>Si quiere saber m\u00e1s, visite los siguientes sitios web:<\/p>\n\n\n\n<p><a href=\"http:\/\/www.allaboutcookies.org\" target=\"_blank\" rel=\"noopener\">www.allaboutcookies.org<\/a>&nbsp;<\/p>\n\n\n\n<p><a href=\"http:\/\/www.youronlinechoices.eu\" target=\"_blank\" rel=\"noopener\">www.youronlinechoices.eu<\/a>&nbsp;<\/p>\n\n\n\n<p><a href=\"http:\/\/www.garanteprivacy.it\/cookie\" target=\"_blank\" rel=\"noopener\">www.garanteprivacy.it\/cookie<\/a><\/p>\n\n\n\n<p>La mayor parte de los navegadores aceptan las cookies de forma autom\u00e1tica, pero es posible modificar la configuraci\u00f3n de seguridad del suyo para que no las acepte (Microsoft Edge, Google Chrome, Mozilla Firefox, Safari, etc.).&nbsp;<\/p>\n\n\n\n<p><strong>Microsoft Edge<\/strong><\/p>\n\n\n\n<p>Haga clic en el icono de tres puntos horizontales en la esquina superior derecha y seleccione \u00abConfiguraci\u00f3n\u00bb. Seleccione el men\u00fa \u00abPrivacidad, b\u00fasqueda y servicios\u00bb y \u00abCookies y permisos del sitio\u00bb. Aqu\u00ed puede configurar los ajustes de las cookies.<\/p>\n\n\n\n<p><strong>Google Chrome<\/strong><\/p>\n\n\n\n<p>Haga clic en el icono de tres puntos verticales en la esquina superior derecha y seleccione \u00abPrivacidad y seguridad\u00bb. Aqu\u00ed puede configurar los ajustes de las cookies.<\/p>\n\n\n\n<p><strong>Mozilla Firefox<\/strong><\/p>\n\n\n\n<p>En el men\u00fa desplegable (tres barras horizontales) de la esquina superior derecha, seleccione \u00abAjustes\u00bb y \u00abPrivacidad &amp; Seguridad\u00bb. Aqu\u00ed puede configurar los ajustes de las cookies.<\/p>\n\n\n\n<p><strong>Safari<\/strong><\/p>\n\n\n\n<p>En el men\u00fa de configuraci\u00f3n, seleccione \u00abPreferencias\u00bb y haga clic en \u00abPrivacidad\u00bb. Aqu\u00ed puede modificar la configuraci\u00f3n de las cookies.<\/p>\n\n\n\n<p><strong>Cookies utilizadas en el sitio web www.sicc-srl.com<\/strong><\/p>\n\n\n\n<p>La presente nota informativa se ha redactado en cumplimiento de las obligaciones previstas por el art\u00edculo 13 del RGPD 2016\/679, as\u00ed como de lo previsto por la Directiva 2002\/58\/CE, actualizada con la Directiva 2009\/136\/CE, en materia de cookies, y se refiere exclusivamente a este sitio web.<\/p>\n\n\n\n<p><strong>Cookies t\u00e9cnicas, tambi\u00e9n de sesi\u00f3n (imprescindibles para la gesti\u00f3n del sitio):<\/strong><\/p>\n\n\n\n<p>Las cookies t\u00e9cnicas utilizadas por este sitio web son estrictamente necesarias para su funcionamiento, la prestaci\u00f3n de los servicios correspondientes y para garantizarle al usuario la navegaci\u00f3n y el uso normal del sitio.<\/p>\n\n\n\n<p><strong>Cookies anal\u00edticas o de supervisi\u00f3n<\/strong><\/p>\n\n\n\n<p>Estas cookies sirven para recabar informaci\u00f3n basada en las interacciones de los usuarios mediante la navegaci\u00f3n en el sitio web, con el fin de medir datos y generar estad\u00edsticas sobre el uso de dicho sitio, que resultan \u00fatiles para elaborar informes para el responsable del tratamiento. Estas cookies son equiparables a las cookies t\u00e9cnicas, ya que no permiten identificar al usuario ni elaborar perfiles sobre \u00e9l.<\/p>\n\n\n\n<p>Las cookies de supervisi\u00f3n pueden desactivarse sin consecuencias para la navegaci\u00f3n en el sitio.<\/p>\n\n\n\n<p>SICC SRLU utiliza el servicio Google Analytics de la empresa Google, Inc. (en adelante, \u00abGoogle\u00bb) para generar estad\u00edsticas sobre el uso del portal web; Google Analytics utiliza cookies (no de terceros) que no almacenan datos personales. La informaci\u00f3n recabada por las cookies sobre el uso del sitio web por parte de los usuarios (incluidas las direcciones IP) son transmitidas por el navegador del usuario a Google, con sede en 1600 Amphitheatre Parkway, Mountain View, CA 94043, Estados Unidos, y se depositan en los servidores de dicha empresa.<\/p>\n\n\n\n<p>De acuerdo con los t\u00e9rminos del servicio activo <em>(en el siguiente enlace: <a href=\"https:\/\/marketingplatform.google.com\/about\/analytics\/terms\/es\/\" target=\"_blank\" rel=\"noopener\">https:\/\/marketingplatform.google.com\/about\/analytics\/terms\/es\/<\/a>)<\/em>, Google utilizar\u00e1 esta informaci\u00f3n, en calidad de responsable aut\u00f3nomo del tratamiento, con el fin de rastrear y analizar el uso del sitio web, elaborar informes sobre las actividades del sitio web destinados a los operadores de dicho sitio y prestar otros servicios relativos a las actividades del sitio web, las modalidades de conexi\u00f3n (m\u00f3vil, PC, navegador utilizado, etc.) y las modalidades de b\u00fasqueda y acceso a las p\u00e1ginas del portal. Adem\u00e1s, Google podr\u00e1 transferir esta informaci\u00f3n a terceros cuando as\u00ed lo exija la legislaci\u00f3n o cuando dichos terceros procesen la informaci\u00f3n en nombre de Google. Google no vincular\u00e1 las direcciones IP a ning\u00fan otro dato que obre en su poder.<\/p>\n\n\n\n<p>Para consultar la nota informativa sobre privacidad de Google, en relaci\u00f3n con el servicio de Google Analytics, visite el sitio web:<\/p>\n\n\n\n<p><a href=\"https:\/\/developers.google.com\/analytics\/devguides\/collection\/analyticsjs\/cookie-usage.\" target=\"_blank\" rel=\"noopener\">https:\/\/developers.google.com\/analytics\/devguides\/collection\/analyticsjs\/cookie-usage.<\/a><\/p>\n\n\n\n<p>Per conoscere le norme sulla privacy di Google, si invita a vistare il sito Internet<\/p>\n\n\n\n<p><a href=\"https:\/\/www.google.it\/policies\/privacy\/partners\" target=\"_blank\" rel=\"noopener\">https:\/\/www.google.it\/policies\/privacy\/partners<\/a><\/p>\n\n\n\n<figure class=\"wp-block-table\"><table><tbody><tr><td><strong>Nome<\/strong><\/td><td><strong>Provider<\/strong><\/td><td><strong>Scopo<\/strong><\/td><td><strong>Scadenza<\/strong><\/td><td><strong>Tipo<\/strong><\/td><\/tr><tr><td><br>_ga<\/td><td><br>Google Analytics<\/td><td><br>statistica<\/td><td><br>2 anni<\/td><td><br><strong>Cookie Statistici<\/strong><\/td><\/tr><\/tbody><\/table><\/figure>\n\n\n\n<p><\/p>\n\n\n\n<p><strong>Cookies de marketing \/ elaboraci\u00f3n de perfiles, contenido incrustado y <em>plugins<\/em> de redes sociales<\/strong><\/p>\n\n\n\n<p>Las cookies de marketing se utilizan para supervisar qui\u00e9nes visitan los sitios web. El objetivo es mostrar anuncios relevantes y atractivos para cada usuario, es decir, los que tengan m\u00e1s valor para los editores y terceros anunciantes. Por lo general, se trata de cookies de terceros. Es posible desactivar estas cookies, pero algunos servicios del sitio podr\u00edan no estar disponibles.<\/p>\n\n\n\n<p>Este sitio web tambi\u00e9n utiliza plugins para compartir contenido en redes sociales, as\u00ed como contenido incrustado de YouTube y, m\u00e1s en general y seg\u00fan proceda, contenido incrustable de otras plataformas.<\/p>\n\n\n\n<p>A continuaci\u00f3n encontrar\u00e1 algunos enlaces \u00fatiles para consultar la pol\u00edtica de cookies de los terceros mencionados:<\/p>\n\n\n\n<p>Youtube <\/p>\n\n\n\n<p><a href=\"https:\/\/policies.google.com\/privacy?hl=es&amp;gl=es\" target=\"_blank\" rel=\"noopener\">https:\/\/policies.google.com\/privacy?hl=es&amp;gl=es<\/a><\/p>\n\n\n\n<figure class=\"wp-block-table\"><table><tbody><tr><td><strong>Nombe<\/strong><\/td><td><strong><br><strong>Proveedor<\/strong><\/strong><\/td><td><strong><br><strong>Finalidad<\/strong><\/strong><\/td><td><strong><br><strong>Caducidad<\/strong><\/strong><\/td><td><strong>Tipo<\/strong><\/td><\/tr><tr><td>Youtube<br><\/td><td>YouTube<br><\/td><td><br><\/td><td><br><\/td><td><br><\/td><\/tr><\/tbody><\/table><\/figure>\n\n\n\n<p><strong>Duraci\u00f3n de las cookies<\/strong><\/p>\n\n\n\n<p>Las cookies utilizadas por el sitio web www.sicc-srl.com caducan seg\u00fan los plazos indicados en las tablas mostradas m\u00e1s arriba.<\/p>\n\n\n\n<p><strong>Nota informativa sobre privacidad del sitio web www.sicc-srl.com<\/strong><\/p>\n\n\n\n<p>Para m\u00e1s informaci\u00f3n y para consultar la pol\u00edtica de privacidad completa del sitio web www.sicc-srl.com, haga clic aqu\u00ed.&nbsp;<\/p>\n\n\n\n<p><strong>Derecho de desistimiento<\/strong><\/p>\n\n\n\n<p>Para modificar sus preferencias sobre las cookies instaladas por el sitio web www.sicc-srl.com, haga clic aqu\u00ed.&nbsp;<\/p>\n\n\n\n<p><strong>Para m\u00e1s informaci\u00f3n, p\u00f3ngase en contacto con el responsable del tratamiento:<\/strong><\/p>\n\n\n\n<p><strong>SICC SRLU&nbsp;<\/strong><\/p>\n\n\n\n<p>Via G. Galilei, 34 \u2013 35015 Galliera Veneta (Padua) \u2013 Italia<\/p>\n\n\n\n<p>Tel. +39 049 5965097 \u2013 Fax +39 049 9440019<\/p>\n\n\n\n<p>Correo electr\u00f3nico: info@sicc-srl.com<\/p>\n\n\n\n<p>\u00daltima modificaci\u00f3n: 21\/06\/2021<\/p>\n","protected":false},"excerpt":{"rendered":"<p>\u00bfQu\u00e9 son las cookies? Las cookies son cadenas de texto de peque\u00f1o tama\u00f1o que se guardan en su equipo cuando<\/p>\n","protected":false},"author":1,"featured_media":0,"parent":0,"menu_order":0,"comment_status":"closed","ping_status":"closed","template":"","meta":{"footnotes":""},"class_list":["post-13224","page","type-page","status-publish","hentry"],"_links":{"self":[{"href":"https:\/\/sicc-srl.com\/es\/wp-json\/wp\/v2\/pages\/13224","targetHints":{"allow":["GET"]}}],"collection":[{"href":"https:\/\/sicc-srl.com\/es\/wp-json\/wp\/v2\/pages"}],"about":[{"href":"https:\/\/sicc-srl.com\/es\/wp-json\/wp\/v2\/types\/page"}],"author":[{"embeddable":true,"href":"https:\/\/sicc-srl.com\/es\/wp-json\/wp\/v2\/users\/1"}],"replies":[{"embeddable":true,"href":"https:\/\/sicc-srl.com\/es\/wp-json\/wp\/v2\/comments?post=13224"}],"version-history":[{"count":1,"href":"https:\/\/sicc-srl.com\/es\/wp-json\/wp\/v2\/pages\/13224\/revisions"}],"predecessor-version":[{"id":13226,"href":"https:\/\/sicc-srl.com\/es\/wp-json\/wp\/v2\/pages\/13224\/revisions\/13226"}],"wp:attachment":[{"href":"https:\/\/sicc-srl.com\/es\/wp-json\/wp\/v2\/media?parent=13224"}],"curies":[{"name":"wp","href":"https:\/\/api.w.org\/{rel}","templated":true}]}}