{"id":12884,"date":"2021-04-30T10:44:21","date_gmt":"2021-04-30T08:44:21","guid":{"rendered":"https:\/\/sicc-srl.com\/privacy-policy\/"},"modified":"2024-05-21T10:25:19","modified_gmt":"2024-05-21T08:25:19","slug":"privacy-policy","status":"publish","type":"page","link":"https:\/\/sicc-srl.com\/es\/privacy-policy\/","title":{"rendered":"Privacy policy"},"content":{"rendered":"\n<h2 class=\"wp-block-heading\"><\/h2>\n\n\n\n<p>En esta p\u00e1gina se describen las modalidades de gesti\u00f3n del sitio web por lo que respecta al tratamiento de los datos personales de los usuarios que consultan dicho sitio.<\/p>\n\n\n\n<p>Esta nota informativa se proporciona de conformidad con los art\u00edculos 13 y 14 del RGPD 2016\/679 y la normativa italiana vigente, y est\u00e1 destinada a las personas que interact\u00faan con los servicios web de SICC SRLU a los que puede accederse por v\u00eda telem\u00e1tica a partir de la direcci\u00f3n:<\/p>\n\n\n\n<p><strong>www.sicc-srl.com<\/strong><\/p>\n\n\n\n<p>correspondiente a la p\u00e1gina de inicio del sitio web oficial de SICC SRLU.<\/p>\n\n\n\n<p>Esta nota informativa se proporciona solamente para el sitio web de SICC SRLU y para sus subdominios (p. ej., www.dominioprincipal.it\/subdominio), y no cubre los distintos sitios web externos a los que el usuario pueda acceder utilizando enlaces presentes en dicho sitio.<\/p>\n\n\n\n<p>La nota informativa tambi\u00e9n se inspira en la Recomendaci\u00f3n n.\u00ba 2\/2001 que las autoridades europeas de protecci\u00f3n de datos, reunidas en el Grupo creado en virtud del art\u00edculo 29 de la Directiva 95\/46\/CE, adoptaron el 17 de mayo de 2001 para establecer algunos requisitos m\u00ednimos para la obtenci\u00f3n de datos personales en l\u00ednea: en concreto, las modalidades, los plazos y la naturaleza de la informaci\u00f3n que los responsables del tratamiento deben proporcionar a los usuarios cuando \u00e9stos se conectan a p\u00e1ginas web, independientemente de los fines para los que se conectan.<\/p>\n\n\n\n<p><strong>Responsable del tratamiento<\/strong><\/p>\n\n\n\n<p><strong>El responsable del tratamiento es SICC SRLU, con sede en Via G. Galilei, 34 \u2013 35015 Galliera Veneta (Padua, Italia).<\/strong><\/p>\n\n\n\n<p><strong>Tipo de datos tratados y finalidades del tratamiento<\/strong><\/p>\n\n\n\n<p><strong>Datos de navegaci\u00f3n<\/strong><\/p>\n\n\n\n<p>Los sistemas y procedimientos inform\u00e1ticos necesarios para el funcionamiento de este sitio web adquieren, durante su funcionamiento normal, algunos datos personales cuya transmisi\u00f3n est\u00e1 impl\u00edcita en el uso de los protocolos de comunicaci\u00f3n de internet.<\/p>\n\n\n\n<p>Se trata de informaci\u00f3n que no se recoge para relacionarla con interesados identificados, pero que, por su naturaleza, podr\u00eda permitir la identificaci\u00f3n de los usuarios mediante su elaboraci\u00f3n y la puesta en relaci\u00f3n con datos que obren en poder de terceros.<\/p>\n\n\n\n<p>En esta categor\u00eda de datos se sit\u00faan las direcciones IP o los nombres de dominio de los equipos utilizados por los usuarios que se conectan al sitio; las direcciones de tipo URI (Uniform Resource Identifier) de los recursos solicitados, la hora en que se efect\u00faa la solicitud, el m\u00e9todo utilizado para realizar la solicitud al servidor, el tama\u00f1o del archivo obtenido como respuesta, el c\u00f3digo num\u00e9rico que indica el estado de la respuesta del servidor (ejecuci\u00f3n correcta, error, etc.) y otros par\u00e1metros relativos al sistema operativo y al entorno inform\u00e1tico del usuario.<\/p>\n\n\n\n<p>Estos datos se utilizan solamente para obtener informaci\u00f3n estad\u00edstica an\u00f3nima acerca del uso del sitio y para comprobar que funciona correctamente, y se borran despu\u00e9s de su elaboraci\u00f3n. Los datos podr\u00edan utilizarse para determinar responsabilidades en caso de que se produjera un delito inform\u00e1tico contra este sitio.<\/p>\n\n\n\n<p><strong>Datos proporcionados voluntariamente por el usuario<\/strong><\/p>\n\n\n\n<p>El env\u00edo facultativo, expl\u00edcito y voluntario de correo electr\u00f3nico a las direcciones que aparecen en este sitio web (incluida la cumplimentaci\u00f3n de formularios espec\u00edficos) implica la consiguiente obtenci\u00f3n de la direcci\u00f3n del remitente, necesaria para responder a las solicitudes, as\u00ed como de cualquier otro dato personal incluido en el mensaje.<\/p>\n\n\n\n<p>Los datos que usted nos comunique libremente podr\u00e1n ser tratados con las siguientes finalidades:<\/p>\n\n\n\n<ul class=\"wp-block-list\">\n<li>a petici\u00f3n expresa del interesado, tramitar solicitudes de informaci\u00f3n sobre servicios prestados y productos\/soluciones comercializadas directamente por SICC SRLU, y tramitar notificaciones de cualquier tipo, enviadas tambi\u00e9n mediante el formulario de contacto (RGPD 2016\/679, art. 6, ap. 1, letra b);<\/li>\n\n\n\n<li>a petici\u00f3n espec\u00edfica del interesado, gestionar la contrataci\u00f3n en red y\/u otras formas de colaboraci\u00f3n profesional (RGPD 2016\/679, art. 6, ap. 1, letra b);<\/li>\n\n\n\n<li>previo consentimiento expreso del interesado, enviar comunicaciones de tipo informativo, comercial y\/o promocional, de plena conformidad con el RGPD 2016\/679 y la normativa italiana vigente (art. 130 del Decreto Legislativo 196\/2003 y posteriores modificaciones y adiciones), as\u00ed como la Disposici\u00f3n emitida por el Supervisor de protecci\u00f3n de datos personales italiano con fecha del 4 de julio de 2013, \u00abDirectrices en materia de actividades promocionales y de lucha contra el <em>spam<\/em>\u00bb (RGPD 2016\/679, art. 6, ap. 1, letra a);<\/li>\n\n\n\n<li>inscripci\u00f3n en el servicio de descarga de material promocional y\/o t\u00e9cnico (RGPD 2016\/679, art. 6, ap. 1, letra b)\u00a0<em>accediendo a la zona reservada con las credenciales proporcionadas por SICC srl unipersonale<\/em>;<\/li>\n\n\n\n<li>inscripci\u00f3n en la zona reservada del sitio web (RGPD 2016\/679, art. 6, ap. 1, letra b)\u00a0accediendo con las credenciales proporcionadas por SICC srl unipersonale;<\/li>\n\n\n\n<li>previo consentimiento expreso del interesado, determinar gustos, preferencias, comportamientos y h\u00e1bitos de consumo, y analizar de forma personalizada, automatizada o electr\u00f3nica la informaci\u00f3n recabada mediante el uso del servicio (RGPD 2016\/679, art. 6, ap. 1, letra a).<\/li>\n<\/ul>\n\n\n\n<p>Si procede, se proporcionar\u00e1n o mostrar\u00e1n las correspondientes notas informativas de s\u00edntesis espec\u00edficas en las p\u00e1ginas del sitio web dedicadas a servicios especiales proporcionados bajo solicitud.<\/p>\n\n\n\n<p>La recogida y el registro de datos se realizar\u00e1n con fines determinados, expl\u00edcitos y leg\u00edtimos, y de manera compatible con dichos fines, en el \u00e1mbito del tratamiento necesario para el funcionamiento de la actividad de la empresa. Los datos ser\u00e1n tratados conforme al principio de exactitud y, si es necesario, se actualizar\u00e1n como convenga, de manera que siempre sean pertinentes, completos y no excesivos con respecto a las finalidades con las que fueron recogidos, y que el plazo de conservaci\u00f3n sea funcional al tiempo necesario para el fin con que fueron recogidos y posteriormente tratados, con arreglo al RGPD 2016\/679 y la normativa italiana vigente.<\/p>\n\n\n\n<p>Los datos personales podr\u00e1n tratarse con la ayuda de herramientas, tanto en papel como de forma telem\u00e1tica, pero siempre de tal manera que se garantice su seguridad y se proteja la m\u00e1xima confidencialidad del interesado. Se emplean medidas de seguridad espec\u00edficas para prevenir la p\u00e9rdida de los datos, su uso il\u00edcito o incorrecto y el acceso no autorizado a ellos, de plena conformidad con el art\u00edculo 32 del RGPD 2016\/679 y la normativa italiana vigente.<\/p>\n\n\n\n<p><strong>Cookies, <em>plugins<\/em> y servicios de interacci\u00f3n con plataformas externas<\/strong><\/p>\n\n\n\n<p>La nota informativa completa sobre el uso de cookies y los servicios de interacci\u00f3n con las plataformas externas (p. ej., redes sociales) por parte de este sitio web est\u00e1 disponible en el siguiente enlace:<\/p>\n\n\n\n<p>Pol\u00edtica de cookies del sitio web www.sicc-srl.com<\/p>\n\n\n\n<p><strong>Car\u00e1cter obligatorio o facultativo de la comunicaci\u00f3n de datos y consecuencias de un posible rechazo<\/strong><\/p>\n\n\n\n<p>Aparte de lo especificado sobre los datos de navegaci\u00f3n, el consentimiento del usuario se considerar\u00e1 facultativo. Sin embargo, su negativa a facilitarlo impedir\u00e1 que SICC SRLU preste los servicios solicitados. En caso de haberlo otorgado, podr\u00e1 revocar el consentimiento en cualquier momento enviando una solicitud a la siguiente direcci\u00f3n: info@sicc-srl.com.<\/p>\n\n\n\n<p><strong>Comunicaci\u00f3n de los datos<\/strong><\/p>\n\n\n\n<p>Sin perjuicio de la comunicaci\u00f3n y difusi\u00f3n realizada en cumplimiento de una obligaci\u00f3n legal, todos los datos recogidos y tratados podr\u00e1n comunicarse a:<\/p>\n\n\n\n<ul class=\"wp-block-list\">\n<li>profesionales y consultores, especialmente proveedores de servicios para la gesti\u00f3n del sistema de informaci\u00f3n y las redes de telecomunicaciones (incluido el correo electr\u00f3nico);<\/li>\n\n\n\n<li>entidades que llevan a cabo el tratamiento por cuenta del responsable del tratamiento en calidad de encargados del tratamiento, de conformidad con el art\u00edculo 28 del RGPD 2016\/679, entre los que se incluyen, por ejemplo, los proveedores de servicios para la gesti\u00f3n del sistema de informaci\u00f3n y las redes de telecomunicaciones (incluido el correo electr\u00f3nico). Las personas que tengan derecho a conocer la lista completa y actualizada de encargados del tratamiento podr\u00e1n consultarla, simplemente solicit\u00e1ndolo, en la sede del responsable;<\/li>\n\n\n\n<li>entidades autorizadas por la normativa vigente a acceder a los datos y\/o a quienes se deban comunicar los datos para cumplir con una obligaci\u00f3n legal.<\/li>\n<\/ul>\n\n\n\n<p>Los datos personales podr\u00e1n ser tratados por empleados y colaboradores asignados a las oficinas competentes del abajo firmante, autorizados expl\u00edcitamente para realizar el tratamiento de conformidad con lo establecido en el art\u00edculo 29 del RGPD 2016\/679 y la normativa italiana vigente.<\/p>\n\n\n\n<p><strong>Transferencia de datos personales a terceros pa\u00edses<\/strong><\/p>\n\n\n\n<p>Los datos personales podr\u00e1n comunicarse y\/o transferirse a terceros pa\u00edses \u00fanicamente para perseguir las finalidades indicadas en esta nota informativa, o bien por motivos t\u00e9cnicos relacionados con la estructura del sistema de informaci\u00f3n empresarial y\/o con la aplicaci\u00f3n de medidas de seguridad t\u00e9cnicas y organizativas que el responsable del tratamiento considere id\u00f3neas (art\u00edculo 32 del RGPD 2016\/679), y exclusivamente en cumplimiento de los art\u00edculos 44 y siguientes del RGPD 2016\/679.<\/p>\n\n\n\n<p><strong>Plazo de conservaci\u00f3n de los datos<\/strong><\/p>\n\n\n\n<p>Los datos proporcionados se conservar\u00e1n en nuestros archivos de acuerdo con los siguientes par\u00e1metros:<\/p>\n\n\n\n<ul class=\"wp-block-list\">\n<li>datos proporcionados voluntariamente por el usuario: hasta la prestaci\u00f3n del servicio (principio de \u00ablimitaci\u00f3n del plazo de conservaci\u00f3n\u00bb, art\u00edculo 5 del RGPD 2016\/679) o de acuerdo con los plazos previstos por la ley;<\/li>\n\n\n\n<li>datos tratados con finalidades informativas, promocionales y comerciales: 24 meses.<\/li>\n<\/ul>\n\n\n\n<p>Por lo que respecta a los plazos espec\u00edficos de prescripci\u00f3n previstos por la ordenaci\u00f3n, podr\u00edan estar sujetos a plazos de conservaci\u00f3n m\u00e1s largos aquellos datos que sean necesarios para la formulaci\u00f3n, el ejercicio o la defensa de reclamaciones.<\/p>\n\n\n\n<p>Peri\u00f3dicamente se verifica la obsolescencia de los datos conservados en relaci\u00f3n con las finalidades con que fueron recogidos.<\/p>\n\n\n\n<p><strong>Derechos de los interesados<\/strong><\/p>\n\n\n\n<p>Por lo que respecta a los datos personales que le conciernen, el interesado puede hacer valer los derechos previstos con los l\u00edmites y las condiciones establecidas en los art\u00edculos 15 &#8211; 22 del RGPD 2016\/679 y la normativa italiana vigente. En concreto, el RGPD confiere al interesado los siguientes derechos:<\/p>\n\n\n\n<ul class=\"wp-block-list\">\n<li>Derecho de acceso (art\u00edculo 15 del RGPD 2016\/679)<\/li>\n\n\n\n<li>Derecho de rectificaci\u00f3n de los datos personales inexactos y\/o a que se completen los datos personales que sean incompletos (art\u00edculo 16 del RGPD 2016\/679)<\/li>\n\n\n\n<li>Derecho de supresi\u00f3n (art\u00edculo 17 del RGPD 2016\/679)<\/li>\n\n\n\n<li>Derecho a la limitaci\u00f3n del tratamiento (art\u00edculo 18 del RGPD 2016\/679)<\/li>\n\n\n\n<li>Derecho a solicitar los destinatarios a los que se haya comunicado la rectificaci\u00f3n o supresi\u00f3n o la limitaci\u00f3n del tratamiento (art\u00edculo 19 del RGPD 2016\/679)<\/li>\n\n\n\n<li>Derecho a la portabilidad de los datos (art\u00edculo 20 del RGPD 2016\/679)<\/li>\n\n\n\n<li>Derecho de oposici\u00f3n (art\u00edculo 21 del RGPD 2016\/679)<\/li>\n\n\n\n<li>Derecho a no ser objeto de una decisi\u00f3n basada \u00fanicamente en el tratamiento automatizado (art\u00edculo 22 el RGPD 2016\/679)<\/li>\n<\/ul>\n\n\n\n<p>En caso de suscribir una forma cualquiera de consentimiento para el tratamiento, se recuerda que el interesado puede retirarlo en cualquier momento, sin perjuicio del cumplimiento de las obligaciones previstas por la normativa vigente en el momento de solicitar la retirada, poni\u00e9ndose en contacto con el responsable de tratamiento en la siguiente direcci\u00f3n de correo electr\u00f3nico: info@sicc-srl.com.<\/p>\n\n\n\n<p><strong>Derecho de reclamaci\u00f3n<\/strong><\/p>\n\n\n\n<p>Si considera que el tratamiento de los datos personales que le conciernen, realizado por medio de este sitio web, infringe lo previsto en el RGPD 2016\/679, usted tambi\u00e9n tiene derecho a presentar una reclamaci\u00f3n ante el Supervisor de protecci\u00f3n de datos personales italiano, como se establece en el art\u00edculo 77 del RGPD 2016\/679, o a acceder a la tutela judicial (art\u00edculo 79 del RGPD 2016\/679).<\/p>\n\n\n\n<p><strong>Para m\u00e1s informaci\u00f3n, p\u00f3ngase en contacto con el responsable del tratamiento:<\/strong><\/p>\n\n\n\n<p><strong>SICC SRLU<\/strong><\/p>\n\n\n\n<p>Via G. Galilei, 34 \u2013 35015 Galliera Veneta (Padua, Italia)&nbsp;<\/p>\n\n\n\n<p>Tel. +39 049 5965097 \u2013 Fax +39 049 9440019<\/p>\n\n\n\n<p>Correo electr\u00f3nico: info@sicc-srl.com<\/p>\n\n\n\n<p>\u00daltima modificaci\u00f3n: 29\/10\/2021<\/p>\n","protected":false},"excerpt":{"rendered":"<p>En esta p\u00e1gina se describen las modalidades de gesti\u00f3n del sitio web por lo que respecta al tratamiento de los<\/p>\n","protected":false},"author":1,"featured_media":0,"parent":0,"menu_order":0,"comment_status":"closed","ping_status":"open","template":"","meta":{"footnotes":""},"class_list":["post-12884","page","type-page","status-publish","hentry"],"_links":{"self":[{"href":"https:\/\/sicc-srl.com\/es\/wp-json\/wp\/v2\/pages\/12884","targetHints":{"allow":["GET"]}}],"collection":[{"href":"https:\/\/sicc-srl.com\/es\/wp-json\/wp\/v2\/pages"}],"about":[{"href":"https:\/\/sicc-srl.com\/es\/wp-json\/wp\/v2\/types\/page"}],"author":[{"embeddable":true,"href":"https:\/\/sicc-srl.com\/es\/wp-json\/wp\/v2\/users\/1"}],"replies":[{"embeddable":true,"href":"https:\/\/sicc-srl.com\/es\/wp-json\/wp\/v2\/comments?post=12884"}],"version-history":[{"count":1,"href":"https:\/\/sicc-srl.com\/es\/wp-json\/wp\/v2\/pages\/12884\/revisions"}],"predecessor-version":[{"id":12886,"href":"https:\/\/sicc-srl.com\/es\/wp-json\/wp\/v2\/pages\/12884\/revisions\/12886"}],"wp:attachment":[{"href":"https:\/\/sicc-srl.com\/es\/wp-json\/wp\/v2\/media?parent=12884"}],"curies":[{"name":"wp","href":"https:\/\/api.w.org\/{rel}","templated":true}]}}