{"id":12792,"date":"2022-05-12T17:35:52","date_gmt":"2022-05-12T15:35:52","guid":{"rendered":"https:\/\/sicc-srl.com\/certificaciones-europeas\/"},"modified":"2024-05-20T17:24:18","modified_gmt":"2024-05-20T15:24:18","slug":"certificaciones-europeas","status":"publish","type":"page","link":"https:\/\/sicc-srl.com\/es\/certificaciones-europeas\/","title":{"rendered":"Certificaciones europeas"},"content":{"rendered":"\t\t<div data-elementor-type=\"wp-page\" data-elementor-id=\"12792\" class=\"elementor elementor-12792 elementor-8572\">\n\t\t\t\t\t\t<section class=\"wd-negative-gap elementor-section elementor-top-section elementor-element elementor-element-11c4a71e elementor-section-boxed elementor-section-height-default elementor-section-height-default\" data-id=\"11c4a71e\" data-element_type=\"section\" data-e-type=\"section\">\n\t\t\t\t\t\t<div class=\"elementor-container elementor-column-gap-extended\">\n\t\t\t\t\t<div class=\"elementor-column elementor-col-100 elementor-top-column elementor-element elementor-element-644ff5c6\" data-id=\"644ff5c6\" data-element_type=\"column\" data-e-type=\"column\">\n\t\t\t<div class=\"elementor-widget-wrap elementor-element-populated\">\n\t\t\t\t\t\t<div class=\"elementor-element elementor-element-965b20d wd-width-100 elementor-widget elementor-widget-wd_title\" data-id=\"965b20d\" data-element_type=\"widget\" data-e-type=\"widget\" data-widget_type=\"wd_title.default\">\n\t\t\t\t<div class=\"elementor-widget-container\">\n\t\t\t\t\t\t\t<div class=\"title-wrapper wd-set-mb reset-last-child wd-title-color-primary wd-title-style-default wd-title-size-large text-center\">\n\n\t\t\t\t\t\t\t\t\t\t\t<div class=\"title-subtitle subtitle-color-primary subtitle-style-default wd-fontsize-xs\">\n\t\t\t\t\tGARANT\u00cdA Y CALIDAD\t\t\t\t<\/div>\n\t\t\t\n\t\t\t<div class=\"liner-continer\">\n\t\t\t\t<h4 class=\"woodmart-title-container title wd-fontsize-xxl\">Certificaciones europeas<\/h4> \n\t\t\t\t\t\t\t<\/div>\n\n\t\t\t\t\t<\/div>\n\t\t\t\t\t\t<\/div>\n\t\t\t\t<\/div>\n\t\t\t\t\t<\/div>\n\t\t<\/div>\n\t\t\t\t\t<\/div>\n\t\t<\/section>\n\t\t\t\t<section class=\"wd-negative-gap elementor-section elementor-top-section elementor-element elementor-element-5ee14f4d elementor-section-boxed elementor-section-height-default elementor-section-height-default\" data-id=\"5ee14f4d\" data-element_type=\"section\" data-e-type=\"section\" data-settings=\"{&quot;background_background&quot;:&quot;classic&quot;}\">\n\t\t\t\t\t\t<div class=\"elementor-container elementor-column-gap-default\">\n\t\t\t\t\t<div class=\"elementor-column elementor-col-100 elementor-top-column elementor-element elementor-element-4dd952a7\" data-id=\"4dd952a7\" data-element_type=\"column\" data-e-type=\"column\">\n\t\t\t<div class=\"elementor-widget-wrap elementor-element-populated\">\n\t\t\t\t\t\t<section class=\"wd-negative-gap elementor-section elementor-inner-section elementor-element elementor-element-19f97d10 elementor-section-boxed elementor-section-height-default elementor-section-height-default\" data-id=\"19f97d10\" data-element_type=\"section\" data-e-type=\"section\">\n\t\t\t\t\t\t<div class=\"elementor-container elementor-column-gap-default\">\n\t\t\t\t\t<div class=\"elementor-column elementor-col-50 elementor-inner-column elementor-element elementor-element-70cb8ed5\" data-id=\"70cb8ed5\" data-element_type=\"column\" data-e-type=\"column\">\n\t\t\t<div class=\"elementor-widget-wrap elementor-element-populated\">\n\t\t\t\t\t\t<div class=\"elementor-element elementor-element-a917f7c elementor-widget elementor-widget-wd_image_or_svg\" data-id=\"a917f7c\" data-element_type=\"widget\" data-e-type=\"widget\" data-widget_type=\"wd_image_or_svg.default\">\n\t\t\t\t<div class=\"elementor-widget-container\">\n\t\t\t\t\t\n\t\t<div class=\"wd-image text-left\">\n\t\t\t\t\t\t\t\t<img loading=\"lazy\" decoding=\"async\" width=\"725\" height=\"622\" src=\"https:\/\/sicc-srl.com\/wp-content\/uploads\/2023\/05\/certificazione-europea-sicc-4.jpg\" class=\"attachment-full size-full\" alt=\"portoni con certificazione europea\" srcset=\"https:\/\/sicc-srl.com\/wp-content\/uploads\/2023\/05\/certificazione-europea-sicc-4.jpg 725w, https:\/\/sicc-srl.com\/wp-content\/uploads\/2023\/05\/certificazione-europea-sicc-4-350x300.jpg 350w, https:\/\/sicc-srl.com\/wp-content\/uploads\/2023\/05\/certificazione-europea-sicc-4-430x369.jpg 430w, https:\/\/sicc-srl.com\/wp-content\/uploads\/2023\/05\/certificazione-europea-sicc-4-700x601.jpg 700w, https:\/\/sicc-srl.com\/wp-content\/uploads\/2023\/05\/certificazione-europea-sicc-4-150x129.jpg 150w\" sizes=\"auto, (max-width: 725px) 100vw, 725px\" title=\"\">\t\t\t\t\t<\/div>\n\n\t\t\t\t\t\t<\/div>\n\t\t\t\t<\/div>\n\t\t\t\t\t<\/div>\n\t\t<\/div>\n\t\t\t\t<div class=\"elementor-column elementor-col-50 elementor-inner-column elementor-element elementor-element-e87f91e\" data-id=\"e87f91e\" data-element_type=\"column\" data-e-type=\"column\">\n\t\t\t<div class=\"elementor-widget-wrap elementor-element-populated\">\n\t\t\t\t\t\t<section class=\"wd-negative-gap elementor-section elementor-inner-section elementor-element elementor-element-e7a37ef elementor-section-boxed elementor-section-height-default elementor-section-height-default\" data-id=\"e7a37ef\" data-element_type=\"section\" data-e-type=\"section\">\n\t\t\t\t\t\t<div class=\"elementor-container elementor-column-gap-default\">\n\t\t\t\t\t<div class=\"elementor-column elementor-col-100 elementor-inner-column elementor-element elementor-element-22ec231\" data-id=\"22ec231\" data-element_type=\"column\" data-e-type=\"column\">\n\t\t\t<div class=\"elementor-widget-wrap elementor-element-populated\">\n\t\t\t\t\t\t<div class=\"elementor-element elementor-element-fd65ac7 elementor-widget elementor-widget-wd_text_block\" data-id=\"fd65ac7\" data-element_type=\"widget\" data-e-type=\"widget\" data-widget_type=\"wd_text_block.default\">\n\t\t\t\t<div class=\"elementor-widget-container\">\n\t\t\t\t\t\t\t<div class=\"wd-text-block reset-last-child text-left\">\n\t\t\t\n\t\t\t<h6>CALIDAD, SEGURIDAD Y EFICIENCIA ENERG\u00c9TICA<\/h6><p>Todos nuestros productos llevan el <strong>marcado CE<\/strong> y los materiales utilizados cumplen con la normativa europea.<br>Como demuestran las certificaciones m\u00e1s recientes, el uso de una innovadora estructura de paneles permite conseguir una notable reducci\u00f3n t\u00e9rmica y, por tanto un ahorro de <strong>energ\u00eda significativo<\/strong>.<\/p>\n\t\t\t\t\t<\/div>\n\t\t\t\t\t\t<\/div>\n\t\t\t\t<\/div>\n\t\t\t\t<div class=\"elementor-element elementor-element-0b6b99a elementor-widget elementor-widget-wd_text_block\" data-id=\"0b6b99a\" data-element_type=\"widget\" data-e-type=\"widget\" data-widget_type=\"wd_text_block.default\">\n\t\t\t\t<div class=\"elementor-widget-container\">\n\t\t\t\t\t\t\t<div class=\"wd-text-block reset-last-child text-left\">\n\t\t\t\n\t\t\t<p>Garantizamos la seguridad y la fiabilidad de nuestras puertas industriales, dise\u00f1adas por nuestros expertos cualificados y sometidas a continuos ensayos de calidad.<\/p>\n\t\t\t\t\t<\/div>\n\t\t\t\t\t\t<\/div>\n\t\t\t\t<\/div>\n\t\t\t\t\t<\/div>\n\t\t<\/div>\n\t\t\t\t\t<\/div>\n\t\t<\/section>\n\t\t\t\t\t<\/div>\n\t\t<\/div>\n\t\t\t\t\t<\/div>\n\t\t<\/section>\n\t\t\t\t\t<\/div>\n\t\t<\/div>\n\t\t\t\t\t<\/div>\n\t\t<\/section>\n\t\t\t\t<\/div>\n\t\t","protected":false},"excerpt":{"rendered":"<p>GARANT\u00cdA Y CALIDAD Certificaciones europeas CALIDAD, SEGURIDAD Y EFICIENCIA ENERG\u00c9TICA Todos nuestros productos llevan el marcado CE y los materiales<\/p>\n","protected":false},"author":1,"featured_media":0,"parent":0,"menu_order":0,"comment_status":"closed","ping_status":"closed","template":"","meta":{"footnotes":""},"class_list":["post-12792","page","type-page","status-publish","hentry"],"_links":{"self":[{"href":"https:\/\/sicc-srl.com\/es\/wp-json\/wp\/v2\/pages\/12792","targetHints":{"allow":["GET"]}}],"collection":[{"href":"https:\/\/sicc-srl.com\/es\/wp-json\/wp\/v2\/pages"}],"about":[{"href":"https:\/\/sicc-srl.com\/es\/wp-json\/wp\/v2\/types\/page"}],"author":[{"embeddable":true,"href":"https:\/\/sicc-srl.com\/es\/wp-json\/wp\/v2\/users\/1"}],"replies":[{"embeddable":true,"href":"https:\/\/sicc-srl.com\/es\/wp-json\/wp\/v2\/comments?post=12792"}],"version-history":[{"count":3,"href":"https:\/\/sicc-srl.com\/es\/wp-json\/wp\/v2\/pages\/12792\/revisions"}],"predecessor-version":[{"id":12795,"href":"https:\/\/sicc-srl.com\/es\/wp-json\/wp\/v2\/pages\/12792\/revisions\/12795"}],"wp:attachment":[{"href":"https:\/\/sicc-srl.com\/es\/wp-json\/wp\/v2\/media?parent=12792"}],"curies":[{"name":"wp","href":"https:\/\/api.w.org\/{rel}","templated":true}]}}