{"id":12788,"date":"2023-04-24T10:55:14","date_gmt":"2023-04-24T08:55:14","guid":{"rendered":"https:\/\/sicc-srl.com\/sicc-y-el-compromiso-social\/"},"modified":"2024-05-20T17:18:34","modified_gmt":"2024-05-20T15:18:34","slug":"sicc-y-el-compromiso-social","status":"publish","type":"page","link":"https:\/\/sicc-srl.com\/es\/sicc-y-el-compromiso-social\/","title":{"rendered":"Sicc y el compromiso social"},"content":{"rendered":"\t\t<div data-elementor-type=\"wp-page\" data-elementor-id=\"12788\" class=\"elementor elementor-12788 elementor-10244\">\n\t\t\t\t\t\t<section class=\"wd-negative-gap elementor-section elementor-top-section elementor-element elementor-element-11c4a71e elementor-section-boxed elementor-section-height-default elementor-section-height-default\" data-id=\"11c4a71e\" data-element_type=\"section\" data-e-type=\"section\">\n\t\t\t\t\t\t<div class=\"elementor-container elementor-column-gap-extended\">\n\t\t\t\t\t<div class=\"elementor-column elementor-col-100 elementor-top-column elementor-element elementor-element-644ff5c6\" data-id=\"644ff5c6\" data-element_type=\"column\" data-e-type=\"column\">\n\t\t\t<div class=\"elementor-widget-wrap elementor-element-populated\">\n\t\t\t\t\t\t<div class=\"elementor-element elementor-element-965b20d wd-width-100 elementor-widget elementor-widget-wd_title\" data-id=\"965b20d\" data-element_type=\"widget\" data-e-type=\"widget\" data-widget_type=\"wd_title.default\">\n\t\t\t\t<div class=\"elementor-widget-container\">\n\t\t\t\t\t\t\t<div class=\"title-wrapper wd-set-mb reset-last-child wd-title-color-primary wd-title-style-default wd-title-size-large text-center\">\n\n\t\t\t\t\t\t\t\t\t\t\t<div class=\"title-subtitle subtitle-color-primary subtitle-style-default wd-fontsize-xs\">\n\t\t\t\t\tNUESTROS PROYECTOS\t\t\t\t<\/div>\n\t\t\t\n\t\t\t<div class=\"liner-continer\">\n\t\t\t\t<h4 class=\"woodmart-title-container title wd-fontsize-xxl\">Sicc y el compromiso social<\/h4> \n\t\t\t\t\t\t\t<\/div>\n\n\t\t\t\t\t<\/div>\n\t\t\t\t\t\t<\/div>\n\t\t\t\t<\/div>\n\t\t\t\t\t<\/div>\n\t\t<\/div>\n\t\t\t\t\t<\/div>\n\t\t<\/section>\n\t\t\t\t<section class=\"wd-negative-gap elementor-section elementor-top-section elementor-element elementor-element-a069596 elementor-section-content-middle elementor-section-boxed elementor-section-height-default elementor-section-height-default\" data-id=\"a069596\" data-element_type=\"section\" data-e-type=\"section\">\n\t\t\t\t\t\t<div class=\"elementor-container elementor-column-gap-default\">\n\t\t\t\t\t<div class=\"elementor-column elementor-col-50 elementor-top-column elementor-element elementor-element-52b40475\" data-id=\"52b40475\" data-element_type=\"column\" data-e-type=\"column\" data-settings=\"{&quot;background_background&quot;:&quot;classic&quot;}\">\n\t\t\t<div class=\"elementor-widget-wrap elementor-element-populated\">\n\t\t\t\t\t\t<div class=\"elementor-element elementor-element-f88bb31 elementor-widget elementor-widget-wd_image_or_svg\" data-id=\"f88bb31\" data-element_type=\"widget\" data-e-type=\"widget\" data-widget_type=\"wd_image_or_svg.default\">\n\t\t\t\t<div class=\"elementor-widget-container\">\n\t\t\t\t\t\n\t\t<div class=\"wd-image text-center\">\n\t\t\t\t\t\t\t\t<img loading=\"lazy\" decoding=\"async\" width=\"1920\" height=\"1035\" src=\"https:\/\/sicc-srl.com\/wp-content\/uploads\/2023\/04\/Istituzionale_Corretta-copia-1920x1035-1.webp\" class=\"attachment-full size-full\" alt=\"portoni industriali sicc srl\" srcset=\"https:\/\/sicc-srl.com\/wp-content\/uploads\/2023\/04\/Istituzionale_Corretta-copia-1920x1035-1.webp 1920w, https:\/\/sicc-srl.com\/wp-content\/uploads\/2023\/04\/Istituzionale_Corretta-copia-1920x1035-1-400x216.webp 400w, https:\/\/sicc-srl.com\/wp-content\/uploads\/2023\/04\/Istituzionale_Corretta-copia-1920x1035-1-1300x701.webp 1300w, https:\/\/sicc-srl.com\/wp-content\/uploads\/2023\/04\/Istituzionale_Corretta-copia-1920x1035-1-768x414.webp 768w, https:\/\/sicc-srl.com\/wp-content\/uploads\/2023\/04\/Istituzionale_Corretta-copia-1920x1035-1-1536x828.webp 1536w, https:\/\/sicc-srl.com\/wp-content\/uploads\/2023\/04\/Istituzionale_Corretta-copia-1920x1035-1-860x464.webp 860w, https:\/\/sicc-srl.com\/wp-content\/uploads\/2023\/04\/Istituzionale_Corretta-copia-1920x1035-1-430x232.webp 430w, https:\/\/sicc-srl.com\/wp-content\/uploads\/2023\/04\/Istituzionale_Corretta-copia-1920x1035-1-700x377.webp 700w, https:\/\/sicc-srl.com\/wp-content\/uploads\/2023\/04\/Istituzionale_Corretta-copia-1920x1035-1-150x81.webp 150w\" sizes=\"auto, (max-width: 1920px) 100vw, 1920px\" title=\"\">\t\t\t\t\t<\/div>\n\n\t\t\t\t\t\t<\/div>\n\t\t\t\t<\/div>\n\t\t\t\t\t<\/div>\n\t\t<\/div>\n\t\t\t\t<div class=\"elementor-column elementor-col-50 elementor-top-column elementor-element elementor-element-2b846c14\" data-id=\"2b846c14\" data-element_type=\"column\" data-e-type=\"column\">\n\t\t\t<div class=\"elementor-widget-wrap elementor-element-populated\">\n\t\t\t\t\t\t<div class=\"elementor-element elementor-element-29360e6 wd-width-100 elementor-widget elementor-widget-wd_title\" data-id=\"29360e6\" data-element_type=\"widget\" data-e-type=\"widget\" data-widget_type=\"wd_title.default\">\n\t\t\t\t<div class=\"elementor-widget-container\">\n\t\t\t\t\t\t\t<div class=\"title-wrapper wd-set-mb reset-last-child wd-title-color-default wd-title-style-default wd-title-size-default text-left\">\n\n\t\t\t\n\t\t\t<div class=\"liner-continer\">\n\t\t\t\t<h4 class=\"woodmart-title-container title wd-fontsize-l\">FUNDACI\u00d3N \u00abI BAMBINI DELLE FATE\u00bb<\/h4> \n\t\t\t\t\t\t\t<\/div>\n\n\t\t\t\t\t<\/div>\n\t\t\t\t\t\t<\/div>\n\t\t\t\t<\/div>\n\t\t\t\t<section class=\"wd-negative-gap elementor-section elementor-inner-section elementor-element elementor-element-c518f35 elementor-section-boxed elementor-section-height-default elementor-section-height-default\" data-id=\"c518f35\" data-element_type=\"section\" data-e-type=\"section\">\n\t\t\t\t\t\t<div class=\"elementor-container elementor-column-gap-default\">\n\t\t\t\t\t<div class=\"elementor-column elementor-col-100 elementor-inner-column elementor-element elementor-element-6bbedd2d\" data-id=\"6bbedd2d\" data-element_type=\"column\" data-e-type=\"column\">\n\t\t\t<div class=\"elementor-widget-wrap elementor-element-populated\">\n\t\t\t\t\t\t<div class=\"elementor-element elementor-element-61c35abf elementor-widget elementor-widget-wd_text_block\" data-id=\"61c35abf\" data-element_type=\"widget\" data-e-type=\"widget\" data-widget_type=\"wd_text_block.default\">\n\t\t\t\t<div class=\"elementor-widget-container\">\n\t\t\t\t\t\t\t<div class=\"wd-text-block reset-last-child text-left\">\n\t\t\t\n\t\t\t<p>Esta fundaci\u00f3n sin \u00e1nimo de lucro opera con finalidades sociales y humanitarias a favor de ni\u00f1os y ni\u00f1as con discapacidad. Esta fundaci\u00f3n tiene una organizaci\u00f3n comercial que facilita las relaciones entre las empresas italianas y los proyectos sociales, cuyo objetivo no es solo brindar apoyo a ni\u00f1as y ni\u00f1os con discapacidad, sino tambi\u00e9n financiar la investigaci\u00f3n cient\u00edfica en enfermedades infantiles, especialmente el autismo.<\/p><p><br><strong>Fundaci\u00f3n I Bambini delle Fate<\/strong><br>Domicilio social: Piazza della Serenissima, 40\/A - 31033 Castelfranco Veneto (Treviso, Italia)<br>Tel.+39 0423. 425499 Telefax +39 0423.425498<br>www.ibambinidellefate.it - info@ibambinidellefate.it<\/p>\n\t\t\t\t\t<\/div>\n\t\t\t\t\t\t<\/div>\n\t\t\t\t<\/div>\n\t\t\t\t\t<\/div>\n\t\t<\/div>\n\t\t\t\t\t<\/div>\n\t\t<\/section>\n\t\t\t\t\t<\/div>\n\t\t<\/div>\n\t\t\t\t\t<\/div>\n\t\t<\/section>\n\t\t\t\t<\/div>\n\t\t","protected":false},"excerpt":{"rendered":"<p>NUESTROS PROYECTOS Sicc y el compromiso social FUNDACI\u00d3N \u00abI BAMBINI DELLE FATE\u00bb Esta fundaci\u00f3n sin \u00e1nimo de lucro opera con<\/p>\n","protected":false},"author":1,"featured_media":0,"parent":0,"menu_order":0,"comment_status":"closed","ping_status":"closed","template":"","meta":{"footnotes":""},"class_list":["post-12788","page","type-page","status-publish","hentry"],"_links":{"self":[{"href":"https:\/\/sicc-srl.com\/es\/wp-json\/wp\/v2\/pages\/12788","targetHints":{"allow":["GET"]}}],"collection":[{"href":"https:\/\/sicc-srl.com\/es\/wp-json\/wp\/v2\/pages"}],"about":[{"href":"https:\/\/sicc-srl.com\/es\/wp-json\/wp\/v2\/types\/page"}],"author":[{"embeddable":true,"href":"https:\/\/sicc-srl.com\/es\/wp-json\/wp\/v2\/users\/1"}],"replies":[{"embeddable":true,"href":"https:\/\/sicc-srl.com\/es\/wp-json\/wp\/v2\/comments?post=12788"}],"version-history":[{"count":1,"href":"https:\/\/sicc-srl.com\/es\/wp-json\/wp\/v2\/pages\/12788\/revisions"}],"predecessor-version":[{"id":12789,"href":"https:\/\/sicc-srl.com\/es\/wp-json\/wp\/v2\/pages\/12788\/revisions\/12789"}],"wp:attachment":[{"href":"https:\/\/sicc-srl.com\/es\/wp-json\/wp\/v2\/media?parent=12788"}],"curies":[{"name":"wp","href":"https:\/\/api.w.org\/{rel}","templated":true}]}}