{"id":13495,"date":"2023-01-24T14:37:46","date_gmt":"2023-01-24T13:37:46","guid":{"rendered":"https:\/\/sicc-srl.com\/cookie-policy\/"},"modified":"2024-05-29T11:29:34","modified_gmt":"2024-05-29T09:29:34","slug":"cookie-policy","status":"publish","type":"page","link":"https:\/\/sicc-srl.com\/de\/cookie-policy\/","title":{"rendered":"COOKIE-ERKL\u00c4RUNG"},"content":{"rendered":"\n<h2 class=\"wp-block-heading\"><\/h2>\n\n\n\n<p><strong>Was sind Cookies?<\/strong><\/p>\n\n\n\n<p>Cookies sind kleine Textdateien, die auf Ihrem Computer gespeichert werden, wenn Sie bestimmte Webseiten im Internet besuchen. Cookies k\u00f6nnen verschiedene Funktionen erf\u00fcllen, sie erlauben Ihnen zum Beispiel das Navigieren auf den verschiedenen Seiten, speichern Ihre Vorlieben und k\u00f6nnen insgesamt das Nutzererlebnis auf der Webseite verbessern.<\/p>\n\n\n\n<p>Einige Cookies werden f\u00fcr die Authentifizierungen gegen\u00fcber IT-Systemen, die \u00dcberwachung von Sitzungen und das Speichern spezifischer Daten der Nutzer verwendet, die eine Webseite besuchen. Diese so genannten technischen Cookies sind oft hilfreich, da sie das Navigieren auf der Webseite und die Nutzung der Webseite schneller und einfacher machen, da sie zum Bespiel einige Prozeduren bei Online-K\u00e4ufen vereinfachen, f\u00fcr das Anmelden an passwortgesch\u00fctzten Bereichen erforderlich sind oder automatisch die Sprache erkenne, die der Nutzer normalerweise verwendet.<\/p>\n\n\n\n<p>Ein besondere Art von Cookies, die sogenannten analytischen Cookies oder Tracking-Cookies, werden von den Betreibern der Webseite f\u00fcr das Erfassen von Daten in aggregierter Form \u00fcber die Anzahl der Benutzer und \u00fcber deren Verhalten auf der Webseite verwendet, die dann zur Generierung allgemeiner Statistiken \u00fcber den Dienst und seine Nutzung verarbeitet werden.<\/p>\n\n\n\n<p>Andere Cookies k\u00f6nnen dagegen f\u00fcr die \u00dcberwachung und Profilierung der Nutzer beim Navigieren und das Erfassen der von ihnen aufgerufenen Seiten und ihren Gewohnheiten auf der Webseite oder ihrer Konsumgewohnheiten verwendet werden, auch zum Zweck der Zusendung gezielter und personalisierter Werbung. Das sind die so genannten Profilierungs- oder Marketing-Cookies.<\/p>\n\n\n\n<p>Es kann auch vorkommen, dass eine Webseite Cookies enth\u00e4lt, die von anderen Webseiten stammen und in verschiedenen Elementen enthalten sind, die auf der Webseite angezeigt werden, wie zum Beispiel Werbebanner, Bilder, Videos, usw.. Das sind die so genannten Drittanbieter-Cookies, die in der Regel zu Profilierungszwecken verwendet werden. Das bedeutet, dass die Cookies, die auf Ihrem PC, Smartphone und Tablet gespeichert werden, auch von Personen gelesen werden k\u00f6nnen, bei denen es sich nicht um die Betreiber der Webseiten handelt, welche Sie besuchen.<\/p>\n\n\n\n<p>Mehr Informationen zu diesem Thema finden Sie auf folgenden Webseiten:<\/p>\n\n\n\n<p><a href=\"http:\/\/www.allaboutcookies.org\" target=\"_blank\" rel=\"noopener\">www.allaboutcookies.org<\/a>&nbsp;<\/p>\n\n\n\n<p><a href=\"http:\/\/www.youronlinechoices.eu\" target=\"_blank\" rel=\"noopener\">www.youronlinechoices.eu<\/a>&nbsp;<\/p>\n\n\n\n<p><a href=\"http:\/\/www.garanteprivacy.it\/cookie\" target=\"_blank\" rel=\"noopener\">www.garanteprivacy.it\/cookie<\/a><\/p>\n\n\n\n<p><strong>Wie k\u00f6nnen Cookies deaktiviert werden?<\/strong><\/p>\n\n\n\n<p>Die meisten Browser akzeptieren Cookies automatisch. Dieses automatische Akzeptieren kann aber in den Sicherheitseinstellungen des Browsers (Microsoft Edge, Google Chrome, Mozilla Firefox, Safari usw.) deaktiviert werden.&nbsp;<\/p>\n\n\n\n<p>Microsoft Edge<\/p>\n\n\n\n<p>Klicken Sie das Symbol mit den drei waagrecht angeordneten Punkten in der rechten oberen Ecke an und w\u00e4hlen Sie \u201eEinstellungen\u201c aus. W\u00e4hlen Sie im Men\u00fc die Option \u201eDatenschutz, Suche und Dienste\u201c und \u201eCookies und andere Websitedaten\u201c aus. Hier k\u00f6nnen Sie Ihre Einstellungen f\u00fcr Cookies durchf\u00fchren.<\/p>\n\n\n\n<p>Google Chrome<\/p>\n\n\n\n<p>Klicken Sie das Symbol mit den drei senkrecht angeordneten Punkten in der rechten oberen Ecke an und w\u00e4hlen in den Einstellungen die Option \u201eDatenschutz und Sicherheit\u201c aus. Hier k\u00f6nnen Sie Ihre Einstellungen f\u00fcr Cookies durchf\u00fchren.<\/p>\n\n\n\n<p>Mozilla Firefox<\/p>\n\n\n\n<p>Klicken Sie auf das Symbol f\u00fcr das Dropdown-Men\u00fc (drei waagrechte Striche) in der rechten oberen Ecke und w\u00e4hlen Sie \u201eEinstellungen\u201c und dann \u201eDatenschutz und Sicherheit\u201c aus. Hier k\u00f6nnen Sie Ihre Einstellungen f\u00fcr Cookies durchf\u00fchren.<\/p>\n\n\n\n<p>Safari<\/p>\n\n\n\n<p>Im Men\u00fc \u201eEinstellungen\u201c den Bereich \u201eDatenschutz\u201c w\u00e4hlen. Hier k\u00f6nnen Sie Ihre Einstellungen f\u00fcr Cookies durchf\u00fchren.<\/p>\n\n\n\n<p><strong>Von der Webseite www.sicc-srl.com verwendete Cookies<\/strong><\/p>\n\n\n\n<p>Diese Cookie-Erkl\u00e4rung wurde nach Vorgabe von Art. 13 DSGVO 2016\/679 sowie der Vorgaben der Richtlinie 2002\/58\/EG in der mit Richtline 2009\/136\/EG ge\u00e4nderten Form, welche f\u00fcr Cookies ma\u00dfgeblich sind, erstellt und hat ausschlie\u00dflich f\u00fcr diese Webseite G\u00fcltigkeit.<\/p>\n\n\n\n<p><strong>Technische Cookies oder Session-Cookies, die f\u00fcr das Funktionieren der Webseite erforderlich sind<\/strong><\/p>\n\n\n\n<p>Die von dieser Webseite verwendeten technische Cookies sind f\u00fcr das Funktionieren der Webseite, das Erbringen der entsprechenden Dienstleistungen und das normale Navigieren und die Nutzung der Webseite durch den Nutzer strikt erforderlich.<\/p>\n\n\n\n<figure class=\"wp-block-table\"><table><tbody><tr><td><strong><br><strong>Name<\/strong><\/strong><\/td><td><strong>Provider<\/strong><\/td><td><strong><br><strong>Zweck<\/strong><\/strong><\/td><td><strong><br><strong>F\u00e4lligkeit<\/strong><\/strong><\/td><td><strong><br><strong>Art<\/strong><\/strong><\/td><\/tr><tr><td><br>__wpdm_client<br><br>wp-wpml_current_language<\/td><td><br><\/td><td><br><\/td><td><br><\/td><td><br><\/td><\/tr><\/tbody><\/table><\/figure>\n\n\n\n<p><strong>Analytische Cookies oder Tracking-Cookies<\/strong><\/p>\n\n\n\n<p>Diese Cookies haben den Zweck, Daten \u00fcber die Interaktionen der Nutzer beim Navigieren auf der Webseite zu erfassen, um die Daten zu messen und Statistiken \u00fcber die Nutzung der Webseite zu erstellen, die f\u00fcr das Erstellen von Berichten durch den Verantwortlichen der Datenverarbeitung hilfreich sind. Diese Cookies entsprechen den technischen Cookies, da sie keine Identifizierung und Profilierung des Nutzers erlauben.<\/p>\n\n\n\n<p>Die Tracking-Cookies k\u00f6nnen blockiert werden, ohne dass dadurch das Navigieren auf der Webseite beeintr\u00e4chtigt wird.<\/p>\n\n\n\n<p>Die Firma SICC SRLU nutzt den Dienst Google Analytics der Firma Google, Inc. (im Folgenden als \u201eGoogle\u201c bezeichnet) f\u00fcr das Erstellen von Statistiken \u00fcber die Nutzung des Webportals. Google Analytics verwendet Cookies (keine Drittanbieter-Cookies), die keine personenbezogenen Daten speichern. Die Daten, die von den Cookies \u00fcber die Nutzung der Webseite durch die Nutzer erfasst werden (einschlie\u00dflich der IP-Adressen), werden vom Browser des Nutzers an Google mit Sitz in 1600 Amphitheatre Parkway, Mountain View, CA 94043, USA \u00fcbertragen und auf den Servern von Google gespeichert.<\/p>\n\n\n\n<p>Nach Vorgabe der geltenden AGB des Dienstes\u00a0<em>(<a href=\"https:\/\/marketingplatform.google.com\/about\/analytics\/terms\/de\" target=\"_blank\" rel=\"noopener\">https:\/\/marketingplatform.google.com\/about\/analytics\/terms\/de<\/a>\/)\u00a0<\/em>verwendet Google diese Daten in seiner Funktion als eigenst\u00e4ndiger Verantwortlicher der Datenverarbeitung zum Zweck der R\u00fcckverfolgung und \u00dcberwachung der Nutzung der Webseite, des Erstellens von Berichten \u00fcber die Aktivit\u00e4ten auf der Webseite f\u00fcr die Betreiber der Webseite selbst sowie das Erbringen anderer Dienstleistungen im Zusammenhang mit den Aktivit\u00e4ten auf der Webseiten, den Verbindungsarten (Smartphone, PC, verwendeter Browser, usw.) und der Art der Suche und des Erreichens der Seiten des Portals. Google kann diese Daten in den F\u00e4llen an Dritte weitergeben, in denen dies gesetzlich vorgeschrieben ist oder in denen Dritten die Daten im Auftrag von Google verarbeiten. Google ordnet die IP keinen anderen Daten zu, in deren Besitz sich Google befindet.<\/p>\n\n\n\n<p>Die Datenschutzerkl\u00e4rung der Firma Google f\u00fcr den Dienst Google Analytics kann auf folgender Webseite aufgerufen werden:<\/p>\n\n\n\n<p><a href=\"http:\/\/www.google.com\/intl\/en\/analytics\/privacyoverview.html\" target=\"_blank\" rel=\"noopener\">http:\/\/www.google.com\/intl\/en\/analytics\/privacyoverview.html<\/a>.<\/p>\n\n\n\n<p>Die Datenschutzvorschriften von Google k\u00f6nnen auf folgender Webseite aufgerufen werden:<\/p>\n\n\n\n<p><a href=\"https:\/\/policies.google.com\/privacy?hl=de.\" target=\"_blank\" rel=\"noopener\">https:\/\/policies.google.com\/privacy?hl=de.<\/a><\/p>\n\n\n\n<figure class=\"wp-block-table\"><table><tbody><tr><td><strong><br><strong>Name<\/strong><\/strong><\/td><td><strong>Provider<\/strong><\/td><td><strong><br><strong>Zweck<\/strong><\/strong><\/td><td><strong><br><strong>F\u00e4lligkeit<\/strong><\/strong><\/td><td><strong><br><strong>Art<\/strong><\/strong><\/td><\/tr><tr><td><br>_ga<\/td><td><br>Google Analytics<\/td><td><br>Statistiken<\/td><td><br>2 Jahre<\/td><td><br><strong>Statistische Cookies<\/strong><\/td><\/tr><\/tbody><\/table><\/figure>\n\n\n\n<p><\/p>\n\n\n\n<p><strong>Marketing- und Profilierungs-Cookies, eingebettete Inhalte und Plug-Ins der Social Media<\/strong><\/p>\n\n\n\n<p>Die Marketing-Cookies werden f\u00fcr die \u00dcberwachung der Nutzer der Webseiten verwendet. Die Absicht ist, Werbeanzeigen anzuzeigen, die auf den speziell auf den jeweiligen Benutzer abgestimmt sind und daher f\u00fcr Drittanbieter, die die Werbeanzeigen erstellen und einf\u00fcgen, von h\u00f6herem Wert sind. In der Regel handelt es sich um Drittanbieter-Cookies. Diese Cookies k\u00f6nnen blockiert werden. In diesem Fall besteht aber die M\u00f6glichkeit, dass einige Dienste der Webseite nicht genutzt werden k\u00f6nnen.<\/p>\n\n\n\n<p>Diese Webseite verwendet au\u00dferdem Plug-Ins der Social Media f\u00fcr das Teilen von Inhalten sowie eingebettete Inhalte von YouTube sowie je nach Bedarf eingebettete Inhalte anderer Plattformen.<\/p>\n\n\n\n<p>Mit folgenden Links k\u00f6nnen die Cookie-Erkl\u00e4rungen der oben genannten Drittanbieter aufgerufen werden:<\/p>\n\n\n\n<p>Youtube<a href=\" https:\/\/policies.google.com\/privacy?hl=de&amp;gl=de\"> https:\/\/policies.google.com\/privacy?hl=de&amp;gl=de<\/a><\/p>\n\n\n\n<figure class=\"wp-block-table\"><table><tbody><tr><td><strong><br><strong>Name<\/strong><\/strong><\/td><td><strong>Provider<\/strong><\/td><td><strong><br><strong>Zweck<\/strong><\/strong><\/td><td><strong><br><strong>F\u00e4lligkeit<\/strong><\/strong><\/td><td><strong><br><strong>Art<\/strong><\/strong><\/td><\/tr><tr><td>Youtube<br><\/td><td>YouTube<br><\/td><td><br><\/td><td><br><\/td><td><br><\/td><\/tr><\/tbody><\/table><\/figure>\n\n\n\n<p><strong>Lebensdauer der Cookies<\/strong><\/p>\n\n\n\n<p>Die von der Webseite www.sicc-srl.com werden nach den in der Tabelle oben angegebenen Zeitr\u00e4umen gel\u00f6scht.<\/p>\n\n\n\n<p><strong>Datenschutzerkl\u00e4rung der Webseite www.sicc-srl.com<\/strong><\/p>\n\n\n\n<p>N\u00e4here Informationen und die vollst\u00e4ndige Datenschutzerkl\u00e4rung der Webseite www.sicc-srl. kann mit diesem Link aufgerufen werden.&nbsp;<\/p>\n\n\n\n<p><strong>Recht auf \u00c4nderung<\/strong><\/p>\n\n\n\n<p>Um Ihre Pr\u00e4ferenzen f\u00fcr die von der Webseite www.sicc-srl.com zu \u00e4ndern, klicken Sie bitte hier.&nbsp;<\/p>\n\n\n\n<p><strong>F\u00fcr weitere Informationen kontaktieren Sie bitten den Verantwortlichen der Datenverarbeitung:<\/strong><\/p>\n\n\n\n<p><strong>SICC SRLU&nbsp;<\/strong><\/p>\n\n\n\n<p>Via G. Galilei 34 \u2013 35015 Galliera Veneta (PD) \u2013 Italien<\/p>\n\n\n\n<p>Tel. +39 049 5965097 \u2013 Fax +39 049 9440019<\/p>\n\n\n\n<p>E-Mail: info@sicc-srl.com<\/p>\n\n\n\n<p>Stand: 21.06.2021<\/p>\n","protected":false},"excerpt":{"rendered":"<p>Was sind Cookies? Cookies sind kleine Textdateien, die auf Ihrem Computer gespeichert werden, wenn Sie bestimmte Webseiten im Internet besuchen.<\/p>\n","protected":false},"author":1,"featured_media":0,"parent":0,"menu_order":0,"comment_status":"closed","ping_status":"closed","template":"","meta":{"footnotes":""},"class_list":["post-13495","page","type-page","status-publish","hentry"],"_links":{"self":[{"href":"https:\/\/sicc-srl.com\/de\/wp-json\/wp\/v2\/pages\/13495","targetHints":{"allow":["GET"]}}],"collection":[{"href":"https:\/\/sicc-srl.com\/de\/wp-json\/wp\/v2\/pages"}],"about":[{"href":"https:\/\/sicc-srl.com\/de\/wp-json\/wp\/v2\/types\/page"}],"author":[{"embeddable":true,"href":"https:\/\/sicc-srl.com\/de\/wp-json\/wp\/v2\/users\/1"}],"replies":[{"embeddable":true,"href":"https:\/\/sicc-srl.com\/de\/wp-json\/wp\/v2\/comments?post=13495"}],"version-history":[{"count":1,"href":"https:\/\/sicc-srl.com\/de\/wp-json\/wp\/v2\/pages\/13495\/revisions"}],"predecessor-version":[{"id":13497,"href":"https:\/\/sicc-srl.com\/de\/wp-json\/wp\/v2\/pages\/13495\/revisions\/13497"}],"wp:attachment":[{"href":"https:\/\/sicc-srl.com\/de\/wp-json\/wp\/v2\/media?parent=13495"}],"curies":[{"name":"wp","href":"https:\/\/api.w.org\/{rel}","templated":true}]}}